{"id":9618,"date":"2023-12-07T18:27:18","date_gmt":"2023-12-07T21:27:18","guid":{"rendered":"https:\/\/dfsinuca.com.br\/loja\/?post_type=product&#038;p=9618"},"modified":"2025-05-20T10:38:30","modified_gmt":"2025-05-20T13:38:30","slug":"mesa-de-pebolim-toto-romana","status":"publish","type":"product","link":"https:\/\/dfsinuca.com.br\/loja\/produto\/mesa-de-pebolim-toto-romana\/","title":{"rendered":"Mesa de Pebolim (Tot\u00f3) Romana"},"content":{"rendered":"","protected":false},"excerpt":{"rendered":"<p><span style=\"color: #ff0000;\">Devido o c\u00e1lculo do Frete ser necess\u00e1rio mediante alguns detalhes importantes, este produto s\u00f3 pode ser comprado via WhatsApp ou telefone, clique no bot\u00e3o para iniciar o or\u00e7amento.<\/span><\/p>\n","protected":false},"featured_media":9619,"comment_status":"open","ping_status":"closed","template":"","meta":[],"class_list":{"0":"post-9618","1":"product","2":"type-product","3":"status-publish","4":"has-post-thumbnail","6":"product_cat-totobol-aluguel-para-eventos","7":"product_cat-unique","8":"product_cat-unique-unique","9":"product_tag-pembolim","10":"product_tag-toto","11":"product_tag-unique","13":"first","14":"instock","15":"shipping-taxable","16":"product-type-external"},"_links":{"self":[{"href":"https:\/\/dfsinuca.com.br\/loja\/wp-json\/wp\/v2\/product\/9618","targetHints":{"allow":["GET"]}}],"collection":[{"href":"https:\/\/dfsinuca.com.br\/loja\/wp-json\/wp\/v2\/product"}],"about":[{"href":"https:\/\/dfsinuca.com.br\/loja\/wp-json\/wp\/v2\/types\/product"}],"replies":[{"embeddable":true,"href":"https:\/\/dfsinuca.com.br\/loja\/wp-json\/wp\/v2\/comments?post=9618"}],"wp:featuredmedia":[{"embeddable":true,"href":"https:\/\/dfsinuca.com.br\/loja\/wp-json\/wp\/v2\/media\/9619"}],"wp:attachment":[{"href":"https:\/\/dfsinuca.com.br\/loja\/wp-json\/wp\/v2\/media?parent=9618"}],"curies":[{"name":"wp","href":"https:\/\/api.w.org\/{rel}","templated":true}]}}