{"id":9113,"date":"2023-03-10T09:51:25","date_gmt":"2023-03-10T12:51:25","guid":{"rendered":"https:\/\/dfsinuca.com.br\/loja\/?post_type=product&#038;p=9113"},"modified":"2026-01-30T21:29:11","modified_gmt":"2026-01-31T00:29:11","slug":"aero-hockey-air-game-2","status":"publish","type":"product","link":"https:\/\/dfsinuca.com.br\/loja\/produto\/aero-hockey-air-game-2\/","title":{"rendered":"Aero Hockey &#8211; Air Game Residencial Unique"},"content":{"rendered":"<p>Mesa de alta resist\u00eancia e qualidade de jogo!!!<\/p>\n<p>Estrutura:<br \/>\n&#8211; Madeira e revestimento TX<br \/>\n&#8211; Tabela 100% em madeira de lei sucupira<br \/>\n&#8211; Campo em formica black alto brilho<br \/>\n&#8211; 02 Microventiladores<br \/>\n&#8211; P\u00e9s niveladores de aluminio<br \/>\n&#8211; Fabricante Drumond<\/p>\n<p>Acessorios<br \/>\n&#8211; Kit oficial com<br \/>\n02 Batedores<br \/>\n02 Discos<\/p>\n","protected":false},"excerpt":{"rendered":"<p>Mesa de Aero Hokey oficial com estrutura super resistente e designe inovado.<\/p>\n<p>&nbsp;<\/p>\n<p><span style=\"color: #ff0000;\">Devido o c\u00e1lculo do Frete ser necess\u00e1rio mediante alguns detalhes importantes, este produto s\u00f3 pode ser comprado via WhatsApp ou telefone, clique no bot\u00e3o para iniciar o or\u00e7amento.<\/span><\/p>\n","protected":false},"featured_media":9114,"comment_status":"open","ping_status":"closed","template":"","meta":[],"class_list":{"0":"post-9113","1":"product","2":"type-product","3":"status-publish","4":"has-post-thumbnail","6":"product_cat-acessorios-para-aero-hockey","7":"product_cat-aero-hockey","8":"product_tag-aero-hockey","9":"product_tag-air-game","10":"product_tag-batedor-aero-hockey","11":"product_tag-mesa-de-aero-hockey","13":"first","14":"instock","15":"shipping-taxable","16":"product-type-external"},"_links":{"self":[{"href":"https:\/\/dfsinuca.com.br\/loja\/wp-json\/wp\/v2\/product\/9113","targetHints":{"allow":["GET"]}}],"collection":[{"href":"https:\/\/dfsinuca.com.br\/loja\/wp-json\/wp\/v2\/product"}],"about":[{"href":"https:\/\/dfsinuca.com.br\/loja\/wp-json\/wp\/v2\/types\/product"}],"replies":[{"embeddable":true,"href":"https:\/\/dfsinuca.com.br\/loja\/wp-json\/wp\/v2\/comments?post=9113"}],"wp:featuredmedia":[{"embeddable":true,"href":"https:\/\/dfsinuca.com.br\/loja\/wp-json\/wp\/v2\/media\/9114"}],"wp:attachment":[{"href":"https:\/\/dfsinuca.com.br\/loja\/wp-json\/wp\/v2\/media?parent=9113"}],"curies":[{"name":"wp","href":"https:\/\/api.w.org\/{rel}","templated":true}]}}