{"id":8966,"date":"2022-12-06T14:02:42","date_gmt":"2022-12-06T16:02:42","guid":{"rendered":"https:\/\/dfsinuca.com.br\/loja\/?post_type=product&#038;p=8966"},"modified":"2026-04-13T09:34:16","modified_gmt":"2026-04-13T12:34:16","slug":"mesa-de-jantar-sinuca-residencial-unique","status":"publish","type":"product","link":"https:\/\/dfsinuca.com.br\/loja\/produto\/mesa-de-jantar-sinuca-residencial-unique\/","title":{"rendered":"Mesa de Jantar\/ Sinuca Residencial Unique"},"content":{"rendered":"<p>Mesa de Jantar\/ Sinuca Residencial Unique com pano acr\u00edlico, com sistema de ca\u00e7apas padr\u00e3o residencial, com \u00e1rea de jogo em pedra ard\u00f3sia, estrutura com revestimento TX de alta resist\u00eancia, tabelas em madeira maci\u00e7a, sucupira-amarela e p\u00e9s niveladores em alum\u00ednio. Mesa com op\u00e7\u00e3o de adapta\u00e7\u00e3o para t\u00eanis de mesa com medidas oficias e suporte para tampo.<\/p>\n<p><strong>ACESS\u00d3RIOS<\/strong>:<\/p>\n<ul>\n<li>01 Tampo oficial para uso como t\u00eanis de mesa<\/li>\n<li>02 Kit completo para t\u00eanis de mesa<\/li>\n<li>01 Suporte em madeira maci\u00e7a para tampo especial<\/li>\n<li>06 Tacos.<\/li>\n<li>01 Taqueira;<\/li>\n<li>01 Quadro marcador;<\/li>\n<li>01 Jogo de bolas numeradas 50 mm;<\/li>\n<li>01 Giz azul e branco;<\/li>\n<li>01 Apagador<\/li>\n<li>01 Escova.<\/li>\n<\/ul>\n<p>&nbsp;<\/p>\n<p>&nbsp;<\/p>\n<p><span style=\"color: #ff0000;\">Devido o c\u00e1lculo do Frete ser necess\u00e1rio mediante alguns detalhes importantes, este produto s\u00f3 pode ser comprado via WhatsApp ou telefone, clique no bot\u00e3o para iniciar o or\u00e7amento.<\/span><\/p>\n","protected":false},"excerpt":{"rendered":"<p>Mesa de Jantar\/ Sinuca Residencial Unique com pano acr\u00edlico, com sistema de ca\u00e7apas padr\u00e3o residencial, com \u00e1rea de jogo em pedra ard\u00f3sia, estrutura com revestimento TX de alta resist\u00eancia, tabelas em madeira maci\u00e7a, sucupira-amarela e p\u00e9s niveladores em alum\u00ednio. Mesa com op\u00e7\u00e3o de adapta\u00e7\u00e3o para t\u00eanis de mesa com medidas oficias e suporte para tampo.<\/p>\n<p>Tamanhos dispon\u00edveis:<\/p>\n<p>&#8211; Compacto: 1,80 x 1,05 Mts (medida externa)<\/p>\n<p>&#8211; Home: 2,13 x 1,25 ou 2,25x 1,31 Mts (medida externa)<\/p>\n<p>&#8211; Semi-pr\u00f3: 2,46 x 1,36 mts ou 2,60 x 1,42 Mts (medida externa)<\/p>\n<p><span style=\"color: #ff0000;\">Devido o c\u00e1lculo do Frete ser necess\u00e1rio mediante alguns detalhes importantes, este produto s\u00f3 pode ser comprado via WhatsApp ou telefone, clique no bot\u00e3o para iniciar o or\u00e7amento.<\/span><\/p>\n","protected":false},"featured_media":8967,"comment_status":"open","ping_status":"closed","template":"","meta":[],"class_list":{"0":"post-8966","1":"product","2":"type-product","3":"status-publish","4":"has-post-thumbnail","6":"product_cat-linha-versatil","7":"product_cat-sinucas-venda-aluguel-para-eventos","8":"product_cat-sinucas","9":"product_tag-3-em-1","10":"product_tag-3x1","11":"product_tag-mesa-de-jantar","12":"product_tag-mesa-de-sinuca","13":"product_tag-multiuso","14":"product_tag-sinuca","15":"product_tag-sinuca-ping-pong","16":"product_tag-sinuca-preta","17":"product_tag-tenis-de-mesa","19":"first","20":"instock","21":"shipping-taxable","22":"product-type-external"},"_links":{"self":[{"href":"https:\/\/dfsinuca.com.br\/loja\/wp-json\/wp\/v2\/product\/8966","targetHints":{"allow":["GET"]}}],"collection":[{"href":"https:\/\/dfsinuca.com.br\/loja\/wp-json\/wp\/v2\/product"}],"about":[{"href":"https:\/\/dfsinuca.com.br\/loja\/wp-json\/wp\/v2\/types\/product"}],"replies":[{"embeddable":true,"href":"https:\/\/dfsinuca.com.br\/loja\/wp-json\/wp\/v2\/comments?post=8966"}],"wp:featuredmedia":[{"embeddable":true,"href":"https:\/\/dfsinuca.com.br\/loja\/wp-json\/wp\/v2\/media\/8967"}],"wp:attachment":[{"href":"https:\/\/dfsinuca.com.br\/loja\/wp-json\/wp\/v2\/media?parent=8966"}],"curies":[{"name":"wp","href":"https:\/\/api.w.org\/{rel}","templated":true}]}}