{"id":8958,"date":"2022-12-06T13:41:58","date_gmt":"2022-12-06T15:41:58","guid":{"rendered":"https:\/\/dfsinuca.com.br\/loja\/?post_type=product&#038;p=8958"},"modified":"2023-12-01T19:03:22","modified_gmt":"2023-12-01T21:03:22","slug":"mesa-de-sinuca-residencial-vinci","status":"publish","type":"product","link":"https:\/\/dfsinuca.com.br\/loja\/produto\/mesa-de-sinuca-residencial-vinci\/","title":{"rendered":"Mesa de Jantar\/ Sinuca Residencial Vinci"},"content":{"rendered":"<p>Mesa de Sinuca Modelo Residencial Vinci com pano acr\u00edlico, com sistema de ca\u00e7apas padr\u00e3o nine ball com\u00a0 \u00e1rea de jogo em pedra ard\u00f3sia, estrutura 100% em madeira maci\u00e7a sucupira amarela\u00a0 e p\u00e9s niveladores em alum\u00ednio. Mesa com op\u00e7\u00e3o de adapta\u00e7\u00e3o para tenis de mesa com medidas oficias e suporte para tampo.<\/p>\n<p><strong>ACESS\u00d3RIOS<\/strong>:<br \/>\n01 Tampo oficial para uso como tenis de mesa<\/p>\n<p>02 Kit completo para tenis de mesa<\/p>\n<p>01 Suporte em madeira maci\u00e7a para tampo especial<\/p>\n<p>06 tacos,<\/p>\n<p>01 taqueira;<\/p>\n<p>01 quadro marcador;<\/p>\n<p>01 jogo de bolas numeradas 50mm;<\/p>\n<p>01 giz azul e branco;<\/p>\n<p>01 apagador e<\/p>\n<p>01 escova.<\/p>\n<p>&nbsp;<\/p>\n<p>&nbsp;<\/p>\n<p><span style=\"color: #ff0000;\">Devido o c\u00e1lculo do Frete ser necess\u00e1rio mediante alguns detalhes importantes, este produto s\u00f3 pode ser comprado via WhatsApp ou telefone, clique no bot\u00e3o para iniciar o or\u00e7amento.<\/span><\/p>\n","protected":false},"excerpt":{"rendered":"<p>Mesa de Sinuca Modelo Residencial Standard pano acr\u00edlico, com sistema de ca\u00e7apas padr\u00e3o nine ball com\u00a0 \u00e1rea de jogo em pedra ard\u00f3sia, estrutura 100% em madeira maci\u00e7a sucupira amarela\u00a0 e p\u00e9s niveladores em alum\u00ednio. Mesa com op\u00e7\u00e3o de adapta\u00e7\u00e3o para tenis de mesa com medidas oficias e suporte para tampo.<\/p>\n<p>Tamanhos dispon\u00edveis:<\/p>\n<p>&#8211; Compacto: 1,80 x 1,05 mts (medida externa)<\/p>\n<p>&#8211; Home: 2,13 x 1,25 ou 2,25x 1,31 mts (medida externa)<\/p>\n<p>&#8211; Semi-pr\u00f3: 2,46 x 1,36 mts ou 2,60 x 1,42 mts (medida externa)<\/p>\n<p><span style=\"color: #ff0000;\">Devido o c\u00e1lculo do Frete ser necess\u00e1rio mediante alguns detalhes importantes, este produto s\u00f3 pode ser comprado via WhatsApp ou telefone, clique no bot\u00e3o para iniciar o or\u00e7amento.<\/span><\/p>\n","protected":false},"featured_media":8959,"comment_status":"open","ping_status":"closed","template":"","meta":[],"class_list":{"0":"post-8958","1":"product","2":"type-product","3":"status-publish","4":"has-post-thumbnail","6":"product_cat-linha-premium","7":"product_cat-sinucas-venda-aluguel-para-eventos","8":"product_cat-sinucas","9":"product_tag-3-em-1","10":"product_tag-3x1","11":"product_tag-mesa-de-jantar","12":"product_tag-mesa-de-sinuca","13":"product_tag-multiuso","14":"product_tag-sinuca","15":"product_tag-sinuca-ping-pong","16":"product_tag-sinuca-preta","17":"product_tag-tenis-de-mesa","19":"first","20":"instock","21":"shipping-taxable","22":"product-type-external"},"_links":{"self":[{"href":"https:\/\/dfsinuca.com.br\/loja\/wp-json\/wp\/v2\/product\/8958","targetHints":{"allow":["GET"]}}],"collection":[{"href":"https:\/\/dfsinuca.com.br\/loja\/wp-json\/wp\/v2\/product"}],"about":[{"href":"https:\/\/dfsinuca.com.br\/loja\/wp-json\/wp\/v2\/types\/product"}],"replies":[{"embeddable":true,"href":"https:\/\/dfsinuca.com.br\/loja\/wp-json\/wp\/v2\/comments?post=8958"}],"wp:featuredmedia":[{"embeddable":true,"href":"https:\/\/dfsinuca.com.br\/loja\/wp-json\/wp\/v2\/media\/8959"}],"wp:attachment":[{"href":"https:\/\/dfsinuca.com.br\/loja\/wp-json\/wp\/v2\/media?parent=8958"}],"curies":[{"name":"wp","href":"https:\/\/api.w.org\/{rel}","templated":true}]}}