{"id":8784,"date":"2022-09-12T17:38:57","date_gmt":"2022-09-12T20:38:57","guid":{"rendered":"https:\/\/dfsinuca.com.br\/loja\/?post_type=product&#038;p=8784"},"modified":"2025-12-31T06:06:01","modified_gmt":"2025-12-31T09:06:01","slug":"taco-3-4-anelado-drumond-72418","status":"publish","type":"product","link":"https:\/\/dfsinuca.com.br\/loja\/produto\/taco-3-4-anelado-drumond-72418\/","title":{"rendered":"Taco 3\/4 Anelado Drumond &#8211; 72418"},"content":{"rendered":"","protected":false},"excerpt":{"rendered":"<p>com Taco desmont\u00e1vel 3\/4 profissional padr\u00e3o nacional<\/p>\n<p>\u2013 Fabricante: DF SINUCA<br \/>\n\u2013 Madeira: Goiab\u00e3o<br \/>\n\u2013 Sola: Master<br \/>\n\u2013 Virola: Celeron<br \/>\n\u2013 Tamanho: 1,52 mts<br \/>\n\u2013 Peso: Entre 500g e 530g<br \/>\n\u2013 Medida p\u00e9: Entre 19mm e 21mm<br \/>\n\u2013 Espessura virola\/sola: Entre 10 mm at\u00e9 11mm<br \/>\n\u2013 Op\u00e7\u00e3o para prolongador: N\u00e3o<\/p>\n<p>* Peso e medidas aproximados<\/p>\n","protected":false},"featured_media":9242,"comment_status":"open","ping_status":"closed","template":"","meta":[],"class_list":{"0":"post-8784","1":"product","2":"type-product","3":"status-publish","4":"has-post-thumbnail","6":"product_cat-3-4","7":"product_cat-tacos","8":"product_cat-tacos-3-4","9":"product_cat-tacos-desmontaveis","10":"product_tag-taco-3-4","11":"product_tag-taco-df-sinuca","12":"product_tag-taco-tres-quartos","13":"product_tag-taco-tripartido","14":"product_tag-traco-promocao","15":"product_tag-tripartido","17":"first","18":"instock","19":"shipping-taxable","20":"purchasable","21":"product-type-simple"},"_links":{"self":[{"href":"https:\/\/dfsinuca.com.br\/loja\/wp-json\/wp\/v2\/product\/8784","targetHints":{"allow":["GET"]}}],"collection":[{"href":"https:\/\/dfsinuca.com.br\/loja\/wp-json\/wp\/v2\/product"}],"about":[{"href":"https:\/\/dfsinuca.com.br\/loja\/wp-json\/wp\/v2\/types\/product"}],"replies":[{"embeddable":true,"href":"https:\/\/dfsinuca.com.br\/loja\/wp-json\/wp\/v2\/comments?post=8784"}],"wp:featuredmedia":[{"embeddable":true,"href":"https:\/\/dfsinuca.com.br\/loja\/wp-json\/wp\/v2\/media\/9242"}],"wp:attachment":[{"href":"https:\/\/dfsinuca.com.br\/loja\/wp-json\/wp\/v2\/media?parent=8784"}],"curies":[{"name":"wp","href":"https:\/\/api.w.org\/{rel}","templated":true}]}}