{"id":8348,"date":"2021-10-23T10:59:59","date_gmt":"2021-10-23T13:59:59","guid":{"rendered":"https:\/\/dfsinuca.com.br\/loja\/?post_type=product&#038;p=8348"},"modified":"2023-12-01T18:52:15","modified_gmt":"2023-12-01T20:52:15","slug":"mesa-de-sinuca-modelo-residencial-lion","status":"publish","type":"product","link":"https:\/\/dfsinuca.com.br\/loja\/produto\/mesa-de-sinuca-modelo-residencial-lion\/","title":{"rendered":"Mesa de Sinuca Modelo Residencial Lion"},"content":{"rendered":"<p>Mesa de sinuca modelo residencial Lion medindo com tecido acr\u00edlico vermelho, verde ou vinho, tampo em pedra\u00a0 rd\u00f3sia, tabelas em madeira maci\u00e7a (sucupira) com sistema de madre p\u00e9rolas, estrutura em madeira maci\u00e7a\u00a0 sucupira) com pintura preta e p\u00e9s com designer rustico estilo \u201cpata de le\u00e3o\u201d<\/p>\n<p>ACESS\u00d3RIOS:<br \/>\n06 tacos especial cabe\u00e7a de sola ref: 70308<br \/>\n01 taqueira sucupira p\/ 6 tacos ref: 72013<br \/>\n01 quadro marcador sucupira ref:70305<br \/>\n01 jogo de bolas numeradas 50 s\/ faixa ref:70795;<br \/>\n01 d\u00fazia giz azul DF SINUCA ref:70428<br \/>\n200g giz branco ref:70428<br \/>\n01 apagador ref:70265<br \/>\n01 escova ref:70409<\/p>\n<p>MEDIDA EXTERNA: 2,25 X 1,31M<br \/>\nMEDIDA INTERNA: 1,99 X 1,05 M<\/p>\n<p>ou<\/p>\n<p>MEDIDA EXTERNA: 2,46 X 1,36M<\/p>\n","protected":false},"excerpt":{"rendered":"<p>Mesa de Sinuca Modelo residencial Lion.<\/p>\n<p><span style=\"color: #ff0000;\">Devido o c\u00e1lculo do Frete ser necess\u00e1rio mediante alguns detalhes importantes, este produto s\u00f3 pode ser comprado via WhatsApp ou telefone, clique no bot\u00e3o para iniciar o or\u00e7amento.<\/span><\/p>\n<p>&nbsp;<\/p>\n","protected":false},"featured_media":8360,"comment_status":"open","ping_status":"closed","template":"","meta":[],"class_list":{"0":"post-8348","1":"product","2":"type-product","3":"status-publish","4":"has-post-thumbnail","6":"product_cat-linha-versatil","7":"product_cat-sinucas-venda-aluguel-para-eventos","8":"product_cat-sinucas","9":"product_tag-lion","10":"product_tag-mesa-de-sinuca","11":"product_tag-sinuca","13":"first","14":"instock","15":"featured","16":"shipping-taxable","17":"product-type-external"},"_links":{"self":[{"href":"https:\/\/dfsinuca.com.br\/loja\/wp-json\/wp\/v2\/product\/8348","targetHints":{"allow":["GET"]}}],"collection":[{"href":"https:\/\/dfsinuca.com.br\/loja\/wp-json\/wp\/v2\/product"}],"about":[{"href":"https:\/\/dfsinuca.com.br\/loja\/wp-json\/wp\/v2\/types\/product"}],"replies":[{"embeddable":true,"href":"https:\/\/dfsinuca.com.br\/loja\/wp-json\/wp\/v2\/comments?post=8348"}],"wp:featuredmedia":[{"embeddable":true,"href":"https:\/\/dfsinuca.com.br\/loja\/wp-json\/wp\/v2\/media\/8360"}],"wp:attachment":[{"href":"https:\/\/dfsinuca.com.br\/loja\/wp-json\/wp\/v2\/media?parent=8348"}],"curies":[{"name":"wp","href":"https:\/\/api.w.org\/{rel}","templated":true}]}}