{"id":8318,"date":"2021-10-22T10:36:25","date_gmt":"2021-10-22T13:36:25","guid":{"rendered":"https:\/\/dfsinuca.com.br\/loja\/?post_type=product&#038;p=8318"},"modified":"2026-02-06T14:21:28","modified_gmt":"2026-02-06T17:21:28","slug":"mesa-de-sinuca-modelo-comercial-black","status":"publish","type":"product","link":"https:\/\/dfsinuca.com.br\/loja\/produto\/mesa-de-sinuca-modelo-comercial-black\/","title":{"rendered":"Mesa de Sinuca Modelo Comercial Black"},"content":{"rendered":"<p>Mesa de Sinuca Modelo Comercial Black com Campo (\u00c1rea de jogo) Em pedra Ard\u00f3sia, Tecido acr\u00edlico (preto), Ca\u00e7apas de alum\u00ednio, tabelas em madeira maci\u00e7a, sucupira, Sistema de madrep\u00e9rolas na marca\u00e7\u00e3o das tabelas. Estrutura (p\u00e9s e caixote) revestida em f\u00f3rmica de alta resist\u00eancia e p\u00e9s niveladores de alum\u00ednio. Ficheiro (<strong>Opcional.<\/strong>)<\/p>\n<p><strong>ACESS\u00d3RIOS<\/strong>:<\/p>\n<ul>\n<li>04 Tacos sola e virola ref.: 70308<\/li>\n<li>01 Taqueira sucupira P\/ 04 tacos ref.: 71180<\/li>\n<li>01 Quadro marcador sucupira (Fundo preto) ref.: 70305<\/li>\n<li>01 Jogo De Bolas 50M C\/Faixa Buffalo ref.: 71141<\/li>\n<li>04 Giz Lion Azul ref.: 70402<\/li>\n<li>200g Giz branco ref.: 70428<\/li>\n<\/ul>\n<p><strong>MEDIDA EXTERNA<\/strong>: 2,25 X 1,31Mts<br \/>\n<strong>MEDIDA INTERNA<\/strong>: 1,99 x 1,05 Mts<\/p>\n","protected":false},"excerpt":{"rendered":"<p><strong>Mesa de Sinuca Modelo Comercial Black.<\/strong><\/p>\n<p><span style=\"color: #ff0000;\">Devido o c\u00e1lculo do Frete ser necess\u00e1rio mediante alguns detalhes importantes, este produto s\u00f3 pode ser comprado via WhatsApp ou telefone, clique no bot\u00e3o para iniciar o or\u00e7amento.<\/span><\/p>\n","protected":false},"featured_media":10779,"comment_status":"open","ping_status":"closed","template":"","meta":[],"class_list":{"0":"post-8318","1":"product","2":"type-product","3":"status-publish","4":"has-post-thumbnail","6":"product_cat-linha-business","7":"product_cat-sinucas-venda-aluguel-para-eventos","8":"product_cat-sinucas","9":"product_tag-mesa-comercial","10":"product_tag-mesa-de-sinuca","11":"product_tag-sinuca","13":"first","14":"instock","15":"featured","16":"shipping-taxable","17":"product-type-external"},"_links":{"self":[{"href":"https:\/\/dfsinuca.com.br\/loja\/wp-json\/wp\/v2\/product\/8318","targetHints":{"allow":["GET"]}}],"collection":[{"href":"https:\/\/dfsinuca.com.br\/loja\/wp-json\/wp\/v2\/product"}],"about":[{"href":"https:\/\/dfsinuca.com.br\/loja\/wp-json\/wp\/v2\/types\/product"}],"replies":[{"embeddable":true,"href":"https:\/\/dfsinuca.com.br\/loja\/wp-json\/wp\/v2\/comments?post=8318"}],"wp:featuredmedia":[{"embeddable":true,"href":"https:\/\/dfsinuca.com.br\/loja\/wp-json\/wp\/v2\/media\/10779"}],"wp:attachment":[{"href":"https:\/\/dfsinuca.com.br\/loja\/wp-json\/wp\/v2\/media?parent=8318"}],"curies":[{"name":"wp","href":"https:\/\/api.w.org\/{rel}","templated":true}]}}