{"id":8252,"date":"2021-10-12T15:31:56","date_gmt":"2021-10-12T18:31:56","guid":{"rendered":"https:\/\/dfsinuca.com.br\/loja\/?post_type=product&#038;p=8252"},"modified":"2026-01-22T14:54:32","modified_gmt":"2026-01-22T17:54:32","slug":"mesa-de-sinuca-modelo-vivaldi","status":"publish","type":"product","link":"https:\/\/dfsinuca.com.br\/loja\/produto\/mesa-de-sinuca-modelo-vivaldi\/","title":{"rendered":"MESA DE SINUCA VIVALDI"},"content":{"rendered":"<div class=\"flex flex-col text-sm pb-25\">\n<article class=\"text-token-text-primary w-full focus:outline-none [--shadow-height:45px] has-data-writing-block:pointer-events-none has-data-writing-block:-mt-(--shadow-height) has-data-writing-block:pt-(--shadow-height) [&amp;:has([data-writing-block])&gt;*]:pointer-events-auto scroll-mt-[calc(var(--header-height)+min(200px,max(70px,20svh)))]\" dir=\"auto\" tabindex=\"-1\" data-turn-id=\"request-WEB:b99eeb14-64f4-46de-b152-455defa459a7-9\" data-testid=\"conversation-turn-21\" data-scroll-anchor=\"true\" data-turn=\"assistant\">\n<div class=\"text-base my-auto mx-auto pb-10 [--thread-content-margin:--spacing(4)] @w-sm\/main:[--thread-content-margin:--spacing(6)] @w-lg\/main:[--thread-content-margin:--spacing(16)] px-(--thread-content-margin)\">\n<div class=\"[--thread-content-max-width:40rem] @w-lg\/main:[--thread-content-max-width:48rem] mx-auto max-w-(--thread-content-max-width) flex-1 group\/turn-messages focus-visible:outline-hidden relative flex w-full min-w-0 flex-col agent-turn\" tabindex=\"-1\">\n<div class=\"flex max-w-full flex-col grow\">\n<div class=\"min-h-8 text-message relative flex w-full flex-col items-end gap-2 text-start break-words whitespace-normal [.text-message+&amp;]:mt-1\" dir=\"auto\" data-message-author-role=\"assistant\" data-message-id=\"b8a15f0e-fa4b-4215-826b-32ca5cf887ac\" data-message-model-slug=\"gpt-5-2\">\n<div class=\"flex w-full flex-col gap-1 empty:hidden first:pt-[1px]\">\n<div class=\"markdown prose dark:prose-invert w-full break-words dark markdown-new-styling\">\n<p data-start=\"175\" data-end=\"222\"><strong data-start=\"175\" data-end=\"222\">Mesa de Sinuca \u2013 Modelo Residencial Vivaldi<\/strong><\/p>\n<p data-start=\"224\" data-end=\"541\">Mesa de sinuca modelo <strong data-start=\"246\" data-end=\"269\">Residencial Vivaldi<\/strong>, com <strong data-start=\"275\" data-end=\"300\">tecido acr\u00edlico verde<\/strong>, <strong data-start=\"302\" data-end=\"328\">tampo em pedra ard\u00f3sia<\/strong> e <strong data-start=\"331\" data-end=\"372\">tabelas em madeira maci\u00e7a (jequitib\u00e1)<\/strong>, com sistema de <strong data-start=\"389\" data-end=\"405\">madre-p\u00e9rola<\/strong>.<br data-start=\"406\" data-end=\"409\" \/>A estrutura \u00e9 confeccionada em <strong data-start=\"440\" data-end=\"468\">madeira maci\u00e7a jequitib\u00e1<\/strong>, com <strong data-start=\"474\" data-end=\"510\">verniz semi brilho na cor tabaco<\/strong>, e <strong data-start=\"514\" data-end=\"540\">p\u00e9s com design barroco<\/strong>.<\/p>\n<hr data-start=\"543\" data-end=\"546\" \/>\n<h3 data-start=\"548\" data-end=\"575\"><strong data-start=\"552\" data-end=\"575\">Acess\u00f3rios Inclusos<\/strong><\/h3>\n<ul data-start=\"577\" data-end=\"971\">\n<li data-start=\"577\" data-end=\"635\">\n<p data-start=\"579\" data-end=\"635\">06 tacos de 1,45 m, com virola Rista \u2013 <strong data-start=\"618\" data-end=\"633\">Ref.: 71054<\/strong><\/p>\n<\/li>\n<li data-start=\"636\" data-end=\"687\">\n<p data-start=\"638\" data-end=\"687\">01 Taqueira para 6 tacos em sucupira \u2013 <strong data-start=\"676\" data-end=\"685\">Ref.:<\/strong><\/p>\n<\/li>\n<li data-start=\"688\" data-end=\"734\">\n<p data-start=\"690\" data-end=\"734\">01 quadro marcador residencial \u2013 <strong data-start=\"723\" data-end=\"732\">Ref.:<\/strong><\/p>\n<\/li>\n<li data-start=\"735\" data-end=\"819\">\n<p data-start=\"737\" data-end=\"819\">01 jogo de bolas numeradas 50 mm, sem faixa, importado (China) \u2013 <strong data-start=\"802\" data-end=\"817\">Ref.: 70795<\/strong><\/p>\n<\/li>\n<li data-start=\"820\" data-end=\"863\">\n<p data-start=\"822\" data-end=\"863\">01 giz azul DF Sinuca \u2013 <strong data-start=\"846\" data-end=\"861\">Ref.: 70428<\/strong><\/p>\n<\/li>\n<li data-start=\"864\" data-end=\"907\">\n<p data-start=\"866\" data-end=\"907\">01 saco de giz branco \u2013 <strong data-start=\"890\" data-end=\"905\">Ref.: 70294<\/strong><\/p>\n<\/li>\n<li data-start=\"908\" data-end=\"941\">\n<p data-start=\"910\" data-end=\"941\">01 apagador \u2013 <strong data-start=\"924\" data-end=\"939\">Ref.: 70265<\/strong><\/p>\n<\/li>\n<li data-start=\"942\" data-end=\"971\">\n<p data-start=\"944\" data-end=\"971\">01 escova \u2013 <strong data-start=\"956\" data-end=\"971\">Ref.: 70409<\/strong><\/p>\n<\/li>\n<\/ul>\n<hr data-start=\"973\" data-end=\"976\" \/>\n<h3 data-start=\"978\" data-end=\"1021\"><strong data-start=\"982\" data-end=\"1021\">Tamanhos Dispon\u00edveis (\u00c1rea Externa)<\/strong><\/h3>\n<p data-start=\"1023\" data-end=\"1037\"><strong data-start=\"1023\" data-end=\"1035\">Compacto<\/strong><\/p>\n<ul data-start=\"1038\" data-end=\"1055\">\n<li data-start=\"1038\" data-end=\"1055\">\n<p data-start=\"1040\" data-end=\"1055\"><span dir=\"auto\" style=\"vertical-align: inherit;\"><span dir=\"auto\" style=\"vertical-align: inherit;\">1,80 x 1,05 m<\/span><\/span><\/p>\n<\/li>\n<\/ul>\n<p data-start=\"1057\" data-end=\"1067\"><strong data-start=\"1057\" data-end=\"1065\"><span dir=\"auto\" style=\"vertical-align: inherit;\"><span dir=\"auto\" style=\"vertical-align: inherit;\">Lar<\/span><\/span><\/strong><\/p>\n<ul data-start=\"1068\" data-end=\"1112\">\n<li data-start=\"1068\" data-end=\"1094\">\n<p data-start=\"1070\" data-end=\"1094\"><span dir=\"auto\" style=\"vertical-align: inherit;\"><span dir=\"auto\" style=\"vertical-align: inherit;\">2,13 x 1,25 m <\/span><\/span><br data-start=\"1083\" data-end=\"1086\" \/><strong data-start=\"1086\" data-end=\"1092\"><span dir=\"auto\" style=\"vertical-align: inherit;\"><span dir=\"auto\" style=\"vertical-align: inherit;\">ou<\/span><\/span><\/strong><\/p>\n<\/li>\n<li data-start=\"1095\" data-end=\"1112\">\n<p data-start=\"1097\" data-end=\"1112\"><span dir=\"auto\" style=\"vertical-align: inherit;\"><span dir=\"auto\" style=\"vertical-align: inherit;\">2,25 x 1,31 m<\/span><\/span><\/p>\n<\/li>\n<\/ul>\n<p data-start=\"1114\" data-end=\"1128\"><strong data-start=\"1114\" data-end=\"1126\"><span dir=\"auto\" style=\"vertical-align: inherit;\"><span dir=\"auto\" style=\"vertical-align: inherit;\">Semiprofissional<\/span><\/span><\/strong><\/p>\n<ul data-start=\"1129\" data-end=\"1146\">\n<li data-start=\"1129\" data-end=\"1146\">\n<p data-start=\"1131\" data-end=\"1146\"><span dir=\"auto\" style=\"vertical-align: inherit;\"><span dir=\"auto\" style=\"vertical-align: inherit;\">2,46 x 1,36 m<\/span><\/span><\/p>\n<\/li>\n<\/ul>\n<hr data-start=\"1148\" data-end=\"1151\" \/>\n<h3 data-start=\"1153\" data-end=\"1184\"><strong data-start=\"1157\" data-end=\"1184\">Informa\u00e7\u00f5es Importantes<\/strong><\/h3>\n<ul data-start=\"1186\" data-end=\"1319\">\n<li data-start=\"1186\" data-end=\"1233\">\n<p data-start=\"1188\" data-end=\"1233\">O <strong data-start=\"1190\" data-end=\"1230\">tampo \u00e9 um acess\u00f3rio vendido \u00e0 parte<\/strong>.<\/p>\n<\/li>\n<li data-start=\"1281\" data-end=\"1319\">\n<p data-start=\"1283\" data-end=\"1319\"><strong data-start=\"1283\" data-end=\"1318\">Frete a combinar com o vendedor<\/strong>.<\/p>\n<\/li>\n<\/ul>\n<hr data-start=\"1321\" data-end=\"1324\" \/>\n<p data-start=\"1443\" data-end=\"1508\" data-is-last-node=\"\">\n<\/div>\n<\/div>\n<\/div>\n<\/div>\n<div class=\"z-0 flex min-h-[46px] justify-start\"><\/div>\n<div class=\"mt-3 w-full empty:hidden\">\n<div class=\"text-center\"><\/div>\n<\/div>\n<\/div>\n<\/div>\n<\/article>\n<\/div>\n<div class=\"pointer-events-none h-px w-px absolute bottom-0\" aria-hidden=\"true\" data-edge=\"true\"><\/div>\n","protected":false},"excerpt":{"rendered":"<p><strong>Mesa de Sinuca Modelo Residencial Vivaldi.<\/strong><\/p>\n<p><strong><span style=\"color: #ff0000;\">Devido o c\u00e1lculo do Frete ser necess\u00e1rio mediante alguns detalhes importantes, este produto s\u00f3 pode ser comprado via WhatsApp ou telefone, clique no bot\u00e3o para iniciar o or\u00e7amento.<\/span><\/strong><\/p>\n<p>&nbsp;<\/p>\n","protected":false},"featured_media":8258,"comment_status":"open","ping_status":"closed","template":"","meta":[],"class_list":{"0":"post-8252","1":"product","2":"type-product","3":"status-publish","4":"has-post-thumbnail","6":"product_cat-linha-design","7":"product_cat-sinucas-venda-aluguel-para-eventos","8":"product_tag-mesa-de-sinuca","9":"product_tag-sinuca","11":"first","12":"instock","13":"featured","14":"shipping-taxable","15":"product-type-external"},"_links":{"self":[{"href":"https:\/\/dfsinuca.com.br\/loja\/wp-json\/wp\/v2\/product\/8252","targetHints":{"allow":["GET"]}}],"collection":[{"href":"https:\/\/dfsinuca.com.br\/loja\/wp-json\/wp\/v2\/product"}],"about":[{"href":"https:\/\/dfsinuca.com.br\/loja\/wp-json\/wp\/v2\/types\/product"}],"replies":[{"embeddable":true,"href":"https:\/\/dfsinuca.com.br\/loja\/wp-json\/wp\/v2\/comments?post=8252"}],"wp:featuredmedia":[{"embeddable":true,"href":"https:\/\/dfsinuca.com.br\/loja\/wp-json\/wp\/v2\/media\/8258"}],"wp:attachment":[{"href":"https:\/\/dfsinuca.com.br\/loja\/wp-json\/wp\/v2\/media?parent=8252"}],"curies":[{"name":"wp","href":"https:\/\/api.w.org\/{rel}","templated":true}]}}