{"id":7613,"date":"2021-07-01T16:45:59","date_gmt":"2021-07-01T19:45:59","guid":{"rendered":"https:\/\/dfsinuca.com.br\/loja\/?post_type=product&#038;p=7613"},"modified":"2026-01-30T21:29:28","modified_gmt":"2026-01-31T00:29:28","slug":"mesa-de-poker-com-roleta","status":"publish","type":"product","link":"https:\/\/dfsinuca.com.br\/loja\/produto\/mesa-de-poker-com-roleta\/","title":{"rendered":"Mesa de Poker com Roleta"},"content":{"rendered":"<p>Mesa profissional de Poker fabricada com excelente material e perfeito acabamento.<br \/>\nMesa com roleta de poker, com op\u00e7\u00e3o de adicionais de pista para fichas,entrada para dealer, porta copos, op\u00e7\u00f5es de borda baixa, borda alta com led de 3 ou 6cm, tampo em MDF para cobrir a mesa e panos personalizados. Entre em contato para or\u00e7amento.<\/p>\n<p>MEDIDAS:<br \/>\n6 lugares (1,80 x 0,90)<br \/>\n7 lugares (2,00 x 1,00)<br \/>\n8 lugares (2,20 x 1,10)<br \/>\n9 lugares (2,50 x 1,10)<br \/>\n10 lugares (2,60 x 1,25)<br \/>\n11 lugares (2,80 x 1,30)<br \/>\n12 lugares (2,80 x 1,45)<\/p>\n","protected":false},"excerpt":{"rendered":"<p>Mesa profissional de Poker com roleta fabricada com excelente material e perfeito acabamento.<br \/>\nMesa toda personalizada, com op\u00e7\u00e3o de adicionais de pista para fichas,entrada para dealer, porta copos, op\u00e7\u00f5es de borda baixa, borda alta com led de 3 ou 6cm, tampo em MDF para cobrir a mesa e panos personalizados.<\/p>\n<p><span style=\"color: #ff0000;\">Devido o c\u00e1lculo do Frete ser necess\u00e1rio mediante alguns detalhes importantes, este produto s\u00f3 pode ser comprado via WhatsApp ou telefone, clique no bot\u00e3o para iniciar o or\u00e7amento.<\/span><\/p>\n","protected":false},"featured_media":7614,"comment_status":"open","ping_status":"closed","template":"","meta":[],"class_list":{"0":"post-7613","1":"product","2":"type-product","3":"status-publish","4":"has-post-thumbnail","6":"product_cat-poker","8":"first","9":"instock","10":"shipping-taxable","11":"product-type-external"},"_links":{"self":[{"href":"https:\/\/dfsinuca.com.br\/loja\/wp-json\/wp\/v2\/product\/7613","targetHints":{"allow":["GET"]}}],"collection":[{"href":"https:\/\/dfsinuca.com.br\/loja\/wp-json\/wp\/v2\/product"}],"about":[{"href":"https:\/\/dfsinuca.com.br\/loja\/wp-json\/wp\/v2\/types\/product"}],"replies":[{"embeddable":true,"href":"https:\/\/dfsinuca.com.br\/loja\/wp-json\/wp\/v2\/comments?post=7613"}],"wp:featuredmedia":[{"embeddable":true,"href":"https:\/\/dfsinuca.com.br\/loja\/wp-json\/wp\/v2\/media\/7614"}],"wp:attachment":[{"href":"https:\/\/dfsinuca.com.br\/loja\/wp-json\/wp\/v2\/media?parent=7613"}],"curies":[{"name":"wp","href":"https:\/\/api.w.org\/{rel}","templated":true}]}}