{"id":7561,"date":"2021-06-30T16:24:32","date_gmt":"2021-06-30T19:24:32","guid":{"rendered":"https:\/\/dfsinuca.com.br\/loja\/?post_type=product&#038;p=7561"},"modified":"2025-08-22T14:18:32","modified_gmt":"2025-08-22T17:18:32","slug":"desmontavel-good","status":"publish","type":"product","link":"https:\/\/dfsinuca.com.br\/loja\/produto\/desmontavel-good\/","title":{"rendered":"Desmontavel Good"},"content":{"rendered":"","protected":false},"excerpt":{"rendered":"<p>Taco desmont\u00e1vel 1\/2 profissional padr\u00e3o ingl\u00eas.<\/p>\n<p>&#8211; Fabricante:DF SINUCA<br \/>\n&#8211; Madeira: Goiab\u00e3o<br \/>\n&#8211; Sola: killer<br \/>\n&#8211; Virola: Metal<br \/>\n&#8211; Tamanho: 1,45 mts<br \/>\n&#8211; Peso: Entre 500g e 530g<br \/>\n&#8211; Medida p\u00e9: Entre 19mm e 21mm<br \/>\n&#8211; Espessura virola\/sola: Entre 9,3mm at\u00e9 9,5mm<br \/>\n&#8211; Op\u00e7\u00e3o para prolongador: n\u00e3o<\/p>\n<p>* Peso e medidas aproximados<\/p>\n","protected":false},"featured_media":9254,"comment_status":"open","ping_status":"closed","template":"","meta":[],"class_list":{"0":"post-7561","1":"product","2":"type-product","3":"status-publish","4":"has-post-thumbnail","6":"product_cat-tacos-desmontaveis","8":"first","9":"instock","10":"shipping-taxable","11":"purchasable","12":"product-type-simple"},"_links":{"self":[{"href":"https:\/\/dfsinuca.com.br\/loja\/wp-json\/wp\/v2\/product\/7561","targetHints":{"allow":["GET"]}}],"collection":[{"href":"https:\/\/dfsinuca.com.br\/loja\/wp-json\/wp\/v2\/product"}],"about":[{"href":"https:\/\/dfsinuca.com.br\/loja\/wp-json\/wp\/v2\/types\/product"}],"replies":[{"embeddable":true,"href":"https:\/\/dfsinuca.com.br\/loja\/wp-json\/wp\/v2\/comments?post=7561"}],"wp:featuredmedia":[{"embeddable":true,"href":"https:\/\/dfsinuca.com.br\/loja\/wp-json\/wp\/v2\/media\/9254"}],"wp:attachment":[{"href":"https:\/\/dfsinuca.com.br\/loja\/wp-json\/wp\/v2\/media?parent=7561"}],"curies":[{"name":"wp","href":"https:\/\/api.w.org\/{rel}","templated":true}]}}