{"id":7387,"date":"2021-05-29T12:46:45","date_gmt":"2021-05-29T15:46:45","guid":{"rendered":"https:\/\/dfsinuca.com.br\/loja\/?post_type=product&#038;p=7387"},"modified":"2023-05-26T11:20:29","modified_gmt":"2023-05-26T14:20:29","slug":"mesa-de-sinuca-comercial-infantil","status":"publish","type":"product","link":"https:\/\/dfsinuca.com.br\/loja\/produto\/mesa-de-sinuca-comercial-infantil\/","title":{"rendered":"Mesa de Sinuca Comercial Infantil"},"content":{"rendered":"<p>Mesa de sinuca comercial camping com tampo em MDF, tecido acr\u00edlico verde, ca\u00e7apas de alum\u00ednio, Tabela e p\u00e9s em madeira maci\u00e7a, caixote revestido em f\u00f3rmica cerejeira com p\u00e9s niveladores de alum\u00ednio. Op\u00e7\u00e3o de ficheiro ir instalado em mesa.<\/p>\n<p><strong>ACESS\u00d3RIOS<\/strong>:<\/p>\n<p>04 tacos virola rista;<\/p>\n<p>01 jogo de bolas numeradas 50mm s\/ faixa;<\/p>\n<p>200g giz branco ref;<\/p>\n<p>01 apagador ref;<\/p>\n<p><strong>MEDIDA EXTERNA<\/strong>: 1,50 X 0,90M<\/p>\n<p><strong>MEDIDA INTERNA:<\/strong>1,24 X ,64 M<\/p>\n<p><strong>MAIS INFORMA\u00c7OES WHATSAPP 9 9951-4301<\/strong><\/p>\n","protected":false},"excerpt":{"rendered":"<p>Mesa de Sinuca Modelo Comercial infantil com tampo em MDF, estrutura revestida em compensado com f\u00f3rmica na cor cerejeira e tabelas e acabamentos em madeira maci\u00e7a sucupira.<\/p>\n<p>&nbsp;<\/p>\n<p><span style=\"color: #ff0000;\">Devido o c\u00e1lculo do Frete ser necess\u00e1rio mediante alguns detalhes importantes, este produto s\u00f3 pode ser comprado via WhatsApp ou telefone, clique no bot\u00e3o para iniciar o or\u00e7amento.<\/span><\/p>\n","protected":false},"featured_media":7505,"comment_status":"open","ping_status":"closed","template":"","meta":[],"class_list":{"0":"post-7387","1":"product","2":"type-product","3":"status-publish","4":"has-post-thumbnail","6":"product_cat-comercial-infantil","7":"product_cat-linha-business","8":"product_cat-sinucas-venda-aluguel-para-eventos","10":"first","11":"instock","12":"shipping-taxable","13":"product-type-external"},"_links":{"self":[{"href":"https:\/\/dfsinuca.com.br\/loja\/wp-json\/wp\/v2\/product\/7387","targetHints":{"allow":["GET"]}}],"collection":[{"href":"https:\/\/dfsinuca.com.br\/loja\/wp-json\/wp\/v2\/product"}],"about":[{"href":"https:\/\/dfsinuca.com.br\/loja\/wp-json\/wp\/v2\/types\/product"}],"replies":[{"embeddable":true,"href":"https:\/\/dfsinuca.com.br\/loja\/wp-json\/wp\/v2\/comments?post=7387"}],"wp:featuredmedia":[{"embeddable":true,"href":"https:\/\/dfsinuca.com.br\/loja\/wp-json\/wp\/v2\/media\/7505"}],"wp:attachment":[{"href":"https:\/\/dfsinuca.com.br\/loja\/wp-json\/wp\/v2\/media?parent=7387"}],"curies":[{"name":"wp","href":"https:\/\/api.w.org\/{rel}","templated":true}]}}