{"id":7381,"date":"2021-05-29T11:59:47","date_gmt":"2021-05-29T14:59:47","guid":{"rendered":"https:\/\/dfsinuca.com.br\/loja\/?post_type=product&#038;p=7381"},"modified":"2026-04-10T14:15:12","modified_gmt":"2026-04-10T17:15:12","slug":"mesa-de-sinuca-luxo","status":"publish","type":"product","link":"https:\/\/dfsinuca.com.br\/loja\/produto\/mesa-de-sinuca-luxo\/","title":{"rendered":"MESA DE SINUCA RESIDENCIAL LUXO"},"content":{"rendered":"<h3 data-start=\"175\" data-end=\"219\">Mesa de sinuca modelo <strong data-start=\"243\" data-end=\"263\">Residencial Luxo<\/strong>, com tecido acr\u00edlico <strong data-start=\"285\" data-end=\"294\">verde<\/strong>, tampo em <strong data-start=\"305\" data-end=\"322\">pedra ard\u00f3sia<\/strong> e tabelas com excelente resposta para jogadas precisas.<br data-start=\"378\" data-end=\"381\" \/>A estrutura \u00e9 revestida em <strong data-start=\"408\" data-end=\"434\">compensado de sucupira<\/strong>, com <strong data-start=\"440\" data-end=\"492\">tabelas e acabamentos em madeira maci\u00e7a sucupira<\/strong>, garantindo alto padr\u00e3o de acabamento, resist\u00eancia e durabilidade.<br data-start=\"559\" data-end=\"562\" \/>Possui ainda <strong data-start=\"575\" data-end=\"606\">p\u00e9s niveladores em alum\u00ednio<\/strong>, que facilitam o ajuste e o perfeito nivelamento da mesa.<\/h3>\n<hr data-start=\"666\" data-end=\"669\" \/>\n<h3 data-start=\"671\" data-end=\"694\">Acess\u00f3rios Inclusos<\/h3>\n<p data-start=\"696\" data-end=\"748\">06 tacos de 1,45 m, com virola Rista \u2013 Ref.: 71054<\/p>\n<p data-start=\"750\" data-end=\"796\">01 taqueira para 6 tacos em sucupira \u2013 Ref.:<\/p>\n<p data-start=\"798\" data-end=\"838\">01 quadro marcador residencial \u2013 Ref.:<\/p>\n<p data-start=\"840\" data-end=\"918\">01 jogo de bolas numeradas 50 mm, sem faixa, importado (China) \u2013 Ref.: 70795<\/p>\n<p data-start=\"920\" data-end=\"957\">01 giz azul DF Sinuca \u2013 Ref.: 70428<\/p>\n<p data-start=\"959\" data-end=\"996\">01 saco de giz branco \u2013 Ref.: 70294<\/p>\n<p data-start=\"998\" data-end=\"1025\">01 apagador \u2013 Ref.: 70265<\/p>\n<p data-start=\"1027\" data-end=\"1052\">01 escova \u2013 Ref.: 70409<\/p>\n<hr data-start=\"1054\" data-end=\"1057\" \/>\n<h3 data-start=\"1059\" data-end=\"1098\">Tamanhos Dispon\u00edveis (\u00c1rea Externa)<\/h3>\n<p data-start=\"1100\" data-end=\"1130\"><strong data-start=\"1100\" data-end=\"1112\">Compacto<\/strong><br data-start=\"1112\" data-end=\"1115\" \/>1,80 x 1,05 m<\/p>\n<p data-start=\"1132\" data-end=\"1178\"><strong data-start=\"1132\" data-end=\"1139\">Lar<\/strong><br data-start=\"1139\" data-end=\"1142\" \/>2,13 x 1,25 m<br data-start=\"1155\" data-end=\"1158\" \/>ou<br data-start=\"1160\" data-end=\"1163\" \/>2,25 x 1,31 m<\/p>\n<p data-start=\"1180\" data-end=\"1218\"><strong data-start=\"1180\" data-end=\"1200\">Semiprofissional<\/strong><br data-start=\"1200\" data-end=\"1203\" \/>2,46 x 1,36 m<\/p>\n<hr data-start=\"1220\" data-end=\"1223\" \/>\n<h3 data-start=\"1225\" data-end=\"1259\">Informa\u00e7\u00f5es Importantes<\/h3>\n<p data-start=\"1312\" data-end=\"1353\">O tampo \u00e9 um acess\u00f3rio vendido \u00e0 parte.<\/p>\n<p data-start=\"1355\" data-end=\"1387\">Frete a combinar com o vendedor.<\/p>\n","protected":false},"excerpt":{"rendered":"<p>&nbsp;<\/p>\n<p><span style=\"color: #ff0000;\">Devido ao c\u00e1lculo do Frete ser necess\u00e1rio mediante alguns detalhes importantes, este produto s\u00f3 pode ser comprado via WhatsApp ou telefone, clique no bot\u00e3o para iniciar o or\u00e7amento.<\/span><\/p>\n","protected":false},"featured_media":10854,"comment_status":"open","ping_status":"closed","template":"","meta":[],"class_list":{"0":"post-7381","1":"product","2":"type-product","3":"status-publish","4":"has-post-thumbnail","6":"product_cat-linha-classica","7":"product_cat-sinucas-venda-aluguel-para-eventos","8":"product_cat-sinucas","10":"first","11":"instock","12":"shipping-taxable","13":"product-type-external"},"_links":{"self":[{"href":"https:\/\/dfsinuca.com.br\/loja\/wp-json\/wp\/v2\/product\/7381","targetHints":{"allow":["GET"]}}],"collection":[{"href":"https:\/\/dfsinuca.com.br\/loja\/wp-json\/wp\/v2\/product"}],"about":[{"href":"https:\/\/dfsinuca.com.br\/loja\/wp-json\/wp\/v2\/types\/product"}],"replies":[{"embeddable":true,"href":"https:\/\/dfsinuca.com.br\/loja\/wp-json\/wp\/v2\/comments?post=7381"}],"wp:featuredmedia":[{"embeddable":true,"href":"https:\/\/dfsinuca.com.br\/loja\/wp-json\/wp\/v2\/media\/10854"}],"wp:attachment":[{"href":"https:\/\/dfsinuca.com.br\/loja\/wp-json\/wp\/v2\/media?parent=7381"}],"curies":[{"name":"wp","href":"https:\/\/api.w.org\/{rel}","templated":true}]}}