{"id":6979,"date":"2021-02-05T11:58:48","date_gmt":"2021-02-05T14:58:48","guid":{"rendered":"https:\/\/dfsinuca.com.br\/loja\/?post_type=product&#038;p=6979"},"modified":"2025-08-05T10:46:03","modified_gmt":"2025-08-05T13:46:03","slug":"taco-inteiro-152-pe-de-sucupira-ariel-de-brasilia","status":"publish","type":"product","link":"https:\/\/dfsinuca.com.br\/loja\/produto\/taco-inteiro-152-pe-de-sucupira-ariel-de-brasilia\/","title":{"rendered":"Taco Ariel de Bras\u00edlia Ref:72948"},"content":{"rendered":"","protected":false},"excerpt":{"rendered":"<p>Taco inteiro de goiab\u00e3o com p\u00e9 de sucupira<\/p>\n<p>Tamanho: 1,52cm<\/p>\n<p>Peso: Entre 420g at\u00e9 600g<\/p>\n<p>Tipo da ponta: Sola de couro modelo master<\/p>\n","protected":false},"featured_media":7690,"comment_status":"open","ping_status":"closed","template":"","meta":[],"class_list":{"0":"post-6979","1":"product","2":"type-product","3":"status-publish","4":"has-post-thumbnail","6":"product_cat-tacos","7":"product_cat-tacos-inteiros","8":"product_tag-goiabao","9":"product_tag-taco","10":"product_tag-taco-de-goiabao","11":"product_tag-taco-de-sinuca","12":"product_tag-taco-em-duas-partes","14":"first","15":"instock","16":"shipping-taxable","17":"purchasable","18":"product-type-simple"},"_links":{"self":[{"href":"https:\/\/dfsinuca.com.br\/loja\/wp-json\/wp\/v2\/product\/6979","targetHints":{"allow":["GET"]}}],"collection":[{"href":"https:\/\/dfsinuca.com.br\/loja\/wp-json\/wp\/v2\/product"}],"about":[{"href":"https:\/\/dfsinuca.com.br\/loja\/wp-json\/wp\/v2\/types\/product"}],"replies":[{"embeddable":true,"href":"https:\/\/dfsinuca.com.br\/loja\/wp-json\/wp\/v2\/comments?post=6979"}],"wp:featuredmedia":[{"embeddable":true,"href":"https:\/\/dfsinuca.com.br\/loja\/wp-json\/wp\/v2\/media\/7690"}],"wp:attachment":[{"href":"https:\/\/dfsinuca.com.br\/loja\/wp-json\/wp\/v2\/media?parent=6979"}],"curies":[{"name":"wp","href":"https:\/\/api.w.org\/{rel}","templated":true}]}}