{"id":6934,"date":"2021-01-20T15:36:38","date_gmt":"2021-01-20T17:36:38","guid":{"rendered":"https:\/\/dfsinuca.com.br\/loja\/?post_type=product&#038;p=6934"},"modified":"2021-07-27T15:49:02","modified_gmt":"2021-07-27T18:49:02","slug":"mesa-de-xadrez-rally-tradicional","status":"publish","type":"product","link":"https:\/\/dfsinuca.com.br\/loja\/produto\/mesa-de-xadrez-rally-tradicional\/","title":{"rendered":"Mesa de Xadrez Rally tradicional"},"content":{"rendered":"<p><strong>Mesa de Xadrez Rally tradicional\u00a0\u00a0<\/strong><\/p>\n<p>Mesa em madeira maci\u00e7a pinus.<br \/>\nMedidas: 0,70 x 0,70 x 0,78mts. (C x L x A).<\/p>\n<p>Mesa com 2 gavetas laterais toda feita em madeira pinus ideal para amantes e profissionais de jogos de xadrez e damas.<\/p>\n<p><span style=\"color: #ff0000;\"><strong>OBS: Bancos e pe\u00e7as vendidos separadamente.<\/strong><\/span><\/p>\n","protected":false},"excerpt":{"rendered":"<p>Mesa em madeira maci\u00e7a de alta resist\u00eancia.<\/p>\n<p>&nbsp;<\/p>\n<p><span style=\"color: #ff0000;\">Devido o c\u00e1lculo do Frete ser necess\u00e1rio mediante alguns detalhes importantes, este produto s\u00f3 pode ser comprado via WhatsApp ou telefone, clique no bot\u00e3o para iniciar o or\u00e7amento.<\/span><\/p>\n","protected":false},"featured_media":6949,"comment_status":"open","ping_status":"closed","template":"","meta":[],"class_list":{"0":"post-6934","1":"product","2":"type-product","3":"status-publish","4":"has-post-thumbnail","6":"product_cat-mesas","7":"product_cat-xadrez","9":"first","10":"instock","11":"shipping-taxable","12":"product-type-external"},"_links":{"self":[{"href":"https:\/\/dfsinuca.com.br\/loja\/wp-json\/wp\/v2\/product\/6934","targetHints":{"allow":["GET"]}}],"collection":[{"href":"https:\/\/dfsinuca.com.br\/loja\/wp-json\/wp\/v2\/product"}],"about":[{"href":"https:\/\/dfsinuca.com.br\/loja\/wp-json\/wp\/v2\/types\/product"}],"replies":[{"embeddable":true,"href":"https:\/\/dfsinuca.com.br\/loja\/wp-json\/wp\/v2\/comments?post=6934"}],"wp:featuredmedia":[{"embeddable":true,"href":"https:\/\/dfsinuca.com.br\/loja\/wp-json\/wp\/v2\/media\/6949"}],"wp:attachment":[{"href":"https:\/\/dfsinuca.com.br\/loja\/wp-json\/wp\/v2\/media?parent=6934"}],"curies":[{"name":"wp","href":"https:\/\/api.w.org\/{rel}","templated":true}]}}