{"id":6777,"date":"2020-12-01T11:53:35","date_gmt":"2020-12-01T13:53:35","guid":{"rendered":"https:\/\/dfsinuca.com.br\/loja\/?post_type=product&#038;p=6777"},"modified":"2026-04-10T14:21:27","modified_gmt":"2026-04-10T17:21:27","slug":"tenis-de-mesa-oficial-drumond-outdoor","status":"publish","type":"product","link":"https:\/\/dfsinuca.com.br\/loja\/produto\/tenis-de-mesa-oficial-drumond-outdoor\/","title":{"rendered":"T\u00eanis de Mesa Oficial Drumond Outdoor"},"content":{"rendered":"<p><span style=\"font-family: Arial;\">T\u00eanis de Mesa<\/span> oficial, com tampo em pedra ard\u00f3sia 15mm e linhas demarcat\u00f3rias pintadas com tinta de alta durabilidade\u00a0 e p\u00e9s em madeira maci\u00e7a, . ( N\u00e3o desmonta )<\/p>\n<p><strong>Medida do tampo:<\/strong>\u00a0 2,75 x 1,52 mts<\/p>\n<p>Inclui os acess\u00f3rios:<\/p>\n<p>&#8211; Suporte para rede;<br \/>\n&#8211; Rede;<br \/>\n&#8211; 02 Raquetes;<br \/>\n&#8211; 03 Bolinha.<\/p>\n","protected":false},"excerpt":{"rendered":"<p><span style=\"font-family: Arial;\">T\u00eanis de Mesa<\/span> oficial, com tampo em pedra ard\u00f3sia 15mm e p\u00e9s de madeira maci\u00e7a.<\/p>\n<p>&nbsp;<\/p>\n<p><span style=\"color: #ff0000;\">Devido o c\u00e1lculo do Frete ser necess\u00e1rio mediante alguns detalhes importantes, este produto s\u00f3 pode ser comprado via WhatsApp ou telefone, clique no bot\u00e3o para iniciar o or\u00e7amento.<\/span><\/p>\n","protected":false},"featured_media":6778,"comment_status":"open","ping_status":"closed","template":"","meta":[],"class_list":{"0":"post-6777","1":"product","2":"type-product","3":"status-publish","4":"has-post-thumbnail","6":"product_cat-drumond-outdoor","7":"product_cat-tenis-de-mesa","9":"first","10":"instock","11":"shipping-taxable","12":"product-type-external"},"_links":{"self":[{"href":"https:\/\/dfsinuca.com.br\/loja\/wp-json\/wp\/v2\/product\/6777","targetHints":{"allow":["GET"]}}],"collection":[{"href":"https:\/\/dfsinuca.com.br\/loja\/wp-json\/wp\/v2\/product"}],"about":[{"href":"https:\/\/dfsinuca.com.br\/loja\/wp-json\/wp\/v2\/types\/product"}],"replies":[{"embeddable":true,"href":"https:\/\/dfsinuca.com.br\/loja\/wp-json\/wp\/v2\/comments?post=6777"}],"wp:featuredmedia":[{"embeddable":true,"href":"https:\/\/dfsinuca.com.br\/loja\/wp-json\/wp\/v2\/media\/6778"}],"wp:attachment":[{"href":"https:\/\/dfsinuca.com.br\/loja\/wp-json\/wp\/v2\/media?parent=6777"}],"curies":[{"name":"wp","href":"https:\/\/api.w.org\/{rel}","templated":true}]}}