{"id":6742,"date":"2020-11-24T12:16:06","date_gmt":"2020-11-24T14:16:06","guid":{"rendered":"https:\/\/dfsinuca.com.br\/loja\/?post_type=product&#038;p=6742"},"modified":"2024-03-11T11:22:03","modified_gmt":"2024-03-11T14:22:03","slug":"jogo-de-dardos-de-sisal-com-gabinete","status":"publish","type":"product","link":"https:\/\/dfsinuca.com.br\/loja\/produto\/jogo-de-dardos-de-sisal-com-gabinete\/","title":{"rendered":"JOGO DE DARDOS DE SISAL COM GABINETE"},"content":{"rendered":"<p>Especifica\u00e7\u00f5es T\u00e9cnicas<br \/>\nCor: Marrom\/carvalho<br \/>\nTamanho: 53x21x65.5 cm<br \/>\nComposi\u00e7\u00e3o: MDF<br \/>\nPeso: 10kg<br \/>\nDimens\u00f5es: 53x21x65.5 cm<br \/>\nGarantia: 03 meses<br \/>\nConte\u00fado da Embalagem: 1 gabinete com alvo, 2 jogos de dardos com 3 pe\u00e7as, kit giz para marca\u00e7\u00e3o de pontua\u00e7\u00e3o e kit para fixa\u00e7\u00e3o.<br \/>\n* Imagens meramente ilustrativas.<\/p>\n","protected":false},"excerpt":{"rendered":"<p>Jogo de dardos Gabinete, feito com madeira em MDF, dartboard com cerdas de arame redondas com anel de jun\u00e7\u00e3o e anel de n\u00famero m\u00f3vel. Dobradi\u00e7as de ferro que garantem a resist\u00eancia do gabinete, pontas do gabinete com suporte para cantos. Acompanha dois conjuntos de dardos, giz para marca\u00e7\u00e3o de pontos e kit de fixa\u00e7\u00e3o. \u00d3timo objeto para agregar na decora\u00e7\u00e3o de casas e apartamentos.<\/p>\n<div><\/div>\n<div><\/div>\n<div><\/div>\n<div><\/div>\n<div><\/div>\n<div><\/div>\n<div><\/div>\n","protected":false},"featured_media":6788,"comment_status":"open","ping_status":"closed","template":"","meta":[],"class_list":{"0":"post-6742","1":"product","2":"type-product","3":"status-publish","4":"has-post-thumbnail","6":"product_cat-board-com-dardos-2","7":"product_tag-board","8":"product_tag-gabinete","9":"product_tag-sisal","11":"first","12":"instock","13":"shipping-taxable","14":"purchasable","15":"product-type-simple"},"_links":{"self":[{"href":"https:\/\/dfsinuca.com.br\/loja\/wp-json\/wp\/v2\/product\/6742","targetHints":{"allow":["GET"]}}],"collection":[{"href":"https:\/\/dfsinuca.com.br\/loja\/wp-json\/wp\/v2\/product"}],"about":[{"href":"https:\/\/dfsinuca.com.br\/loja\/wp-json\/wp\/v2\/types\/product"}],"replies":[{"embeddable":true,"href":"https:\/\/dfsinuca.com.br\/loja\/wp-json\/wp\/v2\/comments?post=6742"}],"wp:featuredmedia":[{"embeddable":true,"href":"https:\/\/dfsinuca.com.br\/loja\/wp-json\/wp\/v2\/media\/6788"}],"wp:attachment":[{"href":"https:\/\/dfsinuca.com.br\/loja\/wp-json\/wp\/v2\/media?parent=6742"}],"curies":[{"name":"wp","href":"https:\/\/api.w.org\/{rel}","templated":true}]}}