{"id":6613,"date":"2020-11-17T20:19:05","date_gmt":"2020-11-17T22:19:05","guid":{"rendered":"https:\/\/dfsinuca.com.br\/loja\/?post_type=product&#038;p=6613"},"modified":"2023-12-01T19:08:19","modified_gmt":"2023-12-01T21:08:19","slug":"mesa-de-sinuca-standard","status":"publish","type":"product","link":"https:\/\/dfsinuca.com.br\/loja\/produto\/mesa-de-sinuca-standard\/","title":{"rendered":"Mesa de Sinuca Residencial Standard"},"content":{"rendered":"<p>Mesa de sinuca residencial modelo Standard\u00a0 com tampo em pedra ard\u00f3sia, pano acr\u00edlico verde, estrutura revestida em compensado de Sucupira, com tabelas e acabamentos em madeira maci\u00e7a sucupira p\u00e9s niveladores em alum\u00ednio.<\/p>\n<p><strong>ACESS\u00d3RIOS<\/strong>:<\/p>\n<p>06 tacos,<\/p>\n<p>01 taqueira;<\/p>\n<p>01 quadro marcador;<\/p>\n<p>01 jogo de bolas numeradas 50mm;<\/p>\n<p>01 giz azul e branco;<\/p>\n<p>01 apagador e<\/p>\n<p>01 escova.<\/p>\n<p>&nbsp;<\/p>\n<p>&nbsp;<\/p>\n<p><span style=\"color: #ff0000;\">Devido o c\u00e1lculo do Frete ser necess\u00e1rio mediante alguns detalhes importantes, este produto s\u00f3 pode ser comprado via WhatsApp ou telefone, clique no bot\u00e3o para iniciar o or\u00e7amento.<\/span><\/p>\n","protected":false},"excerpt":{"rendered":"<p>Mesa de sinuca residencial modelo Standard\u00a0 com tampo em pedra ard\u00f3sia, pano acr\u00edlico verde, estrutura revestida em compensado de Sucupira.<\/p>\n<p><span style=\"color: #ff0000;\">Devido o c\u00e1lculo do Frete ser necess\u00e1rio mediante alguns detalhes importantes, este produto s\u00f3 pode ser comprado via WhatsApp ou telefone, clique no bot\u00e3o para iniciar o or\u00e7amento.<\/span><\/p>\n","protected":false},"featured_media":7373,"comment_status":"open","ping_status":"closed","template":"","meta":[],"class_list":{"0":"post-6613","1":"product","2":"type-product","3":"status-publish","4":"has-post-thumbnail","6":"product_cat-linha-classica","7":"product_cat-sinucas-venda-aluguel-para-eventos","8":"product_cat-sinucas","9":"product_tag-mesa-de-sinuca","10":"product_tag-standard","12":"first","13":"instock","14":"shipping-taxable","15":"product-type-external"},"_links":{"self":[{"href":"https:\/\/dfsinuca.com.br\/loja\/wp-json\/wp\/v2\/product\/6613","targetHints":{"allow":["GET"]}}],"collection":[{"href":"https:\/\/dfsinuca.com.br\/loja\/wp-json\/wp\/v2\/product"}],"about":[{"href":"https:\/\/dfsinuca.com.br\/loja\/wp-json\/wp\/v2\/types\/product"}],"replies":[{"embeddable":true,"href":"https:\/\/dfsinuca.com.br\/loja\/wp-json\/wp\/v2\/comments?post=6613"}],"wp:featuredmedia":[{"embeddable":true,"href":"https:\/\/dfsinuca.com.br\/loja\/wp-json\/wp\/v2\/media\/7373"}],"wp:attachment":[{"href":"https:\/\/dfsinuca.com.br\/loja\/wp-json\/wp\/v2\/media?parent=6613"}],"curies":[{"name":"wp","href":"https:\/\/api.w.org\/{rel}","templated":true}]}}