{"id":6611,"date":"2020-11-17T20:17:46","date_gmt":"2020-11-17T22:17:46","guid":{"rendered":"https:\/\/dfsinuca.com.br\/loja\/?post_type=product&#038;p=6611"},"modified":"2024-09-03T13:48:25","modified_gmt":"2024-09-03T16:48:25","slug":"mesa-atrativa","status":"publish","type":"product","link":"https:\/\/dfsinuca.com.br\/loja\/produto\/mesa-atrativa\/","title":{"rendered":"Mesa de Sinuca Atrativa"},"content":{"rendered":"<p>Mesa de Sinuca Residencial Modelo: Atrativa Luxo, Com tampo em pedra ard\u00f3sia. Pano acr\u00edlico verde (Padr\u00e3o). Estrutura revestida em compensado de Sucupira (v\u00e3o entre os p\u00e9s). Com tabelas e acabamentos em Madeira Maci\u00e7a, Sucupira, Sistema de madrep\u00e9rolas e p\u00e9s niveladores em Alum\u00ednio.<\/p>\n<p><strong>ACESS\u00d3RIOS<\/strong>:<\/p>\n<ul>\n<li>06 Tacos<\/li>\n<li>01 Taqueira<\/li>\n<li>01 Quadro marcador<\/li>\n<li>01 Jogo de bolas numeradas 50 mm<\/li>\n<li>01 Giz azul e branco<\/li>\n<li>01 Apagador<\/li>\n<li>01 Escova.<\/li>\n<\/ul>\n<p><strong>\u00a0MEDIDAS INTERNAS:\u00a0<\/strong><\/p>\n<p><strong>MEDIDAS EXTERNAS: <\/strong><\/p>\n<p><strong>\u00a0 \u00a0 \u00a0 \u00a0 \u00a0 \u00a0 \u00a0 \u00a0 \u00a0 \u00a0 \u00a0 \u00a0 \u00a0 \u00a0 \u00a0 \u00a0 \u00a0 \u00a0 \u00a0 \u00a0 \u00a0 \u00a0 \u00a0 \u00a0 \u00a0 \u00a0 \u00a0 \u00a0 \u00a0 \u00a0 \u00a0 \u00a0 \u00a0 \u00a0 \u00a0 \u00a0 &#8211; N\u00c3O ACOMPANHA BANCOS<\/strong><\/p>\n<p>&nbsp;<\/p>\n<p><span style=\"color: #ff0000;\">Devido o c\u00e1lculo do Frete ser necess\u00e1rio mediante alguns detalhes importantes, este produto s\u00f3 pode ser comprado via WhatsApp ou telefone, clique no bot\u00e3o para iniciar o or\u00e7amento.<\/span><\/p>\n","protected":false},"excerpt":{"rendered":"<p><strong>Mesa de Sinuca Residencial Modelo: Atrativa Luxo\u00a0<\/strong><\/p>\n<p><span style=\"color: #ff0000;\">Devido o c\u00e1lculo do Frete ser necess\u00e1rio mediante alguns detalhes importantes, este produto s\u00f3 pode ser comprado via WhatsApp ou telefone, clique no bot\u00e3o para iniciar o or\u00e7amento.<\/span><\/p>\n","protected":false},"featured_media":10085,"comment_status":"open","ping_status":"closed","template":"","meta":[],"class_list":{"0":"post-6611","1":"product","2":"type-product","3":"status-publish","4":"has-post-thumbnail","6":"product_cat-linha-versatil","7":"product_cat-sinucas-venda-aluguel-para-eventos","8":"product_cat-sinucas","9":"product_tag-atrativa","10":"product_tag-mesa-de-sinuca","11":"product_tag-mesa-de-sinuca-e-jantar","13":"first","14":"instock","15":"shipping-taxable","16":"product-type-external"},"_links":{"self":[{"href":"https:\/\/dfsinuca.com.br\/loja\/wp-json\/wp\/v2\/product\/6611","targetHints":{"allow":["GET"]}}],"collection":[{"href":"https:\/\/dfsinuca.com.br\/loja\/wp-json\/wp\/v2\/product"}],"about":[{"href":"https:\/\/dfsinuca.com.br\/loja\/wp-json\/wp\/v2\/types\/product"}],"replies":[{"embeddable":true,"href":"https:\/\/dfsinuca.com.br\/loja\/wp-json\/wp\/v2\/comments?post=6611"}],"wp:featuredmedia":[{"embeddable":true,"href":"https:\/\/dfsinuca.com.br\/loja\/wp-json\/wp\/v2\/media\/10085"}],"wp:attachment":[{"href":"https:\/\/dfsinuca.com.br\/loja\/wp-json\/wp\/v2\/media?parent=6611"}],"curies":[{"name":"wp","href":"https:\/\/api.w.org\/{rel}","templated":true}]}}