{"id":6344,"date":"2020-05-18T10:36:04","date_gmt":"2020-05-18T13:36:04","guid":{"rendered":"https:\/\/dfsinuca.com.br\/loja\/?post_type=product&#038;p=6344"},"modified":"2023-05-26T11:39:59","modified_gmt":"2023-05-26T14:39:59","slug":"guarnicao-para-mesa-de-sinuca","status":"publish","type":"product","link":"https:\/\/dfsinuca.com.br\/loja\/produto\/guarnicao-para-mesa-de-sinuca\/","title":{"rendered":"Guarni\u00e7\u00e3o para mesa de sinuca"},"content":{"rendered":"","protected":false},"excerpt":{"rendered":"<p>Guarni\u00e7\u00e3o para mesa de sinuca feita em couro sint\u00e9tico<\/p>\n","protected":false},"featured_media":6304,"comment_status":"open","ping_status":"closed","template":"","meta":[],"class_list":{"0":"post-6344","1":"product","2":"type-product","3":"status-publish","4":"has-post-thumbnail","6":"product_cat-acessorios-para-sinuca","7":"product_tag-cacapa","8":"product_tag-guarniacao-de-couro","10":"first","11":"instock","12":"shipping-taxable","13":"purchasable","14":"product-type-simple"},"_links":{"self":[{"href":"https:\/\/dfsinuca.com.br\/loja\/wp-json\/wp\/v2\/product\/6344","targetHints":{"allow":["GET"]}}],"collection":[{"href":"https:\/\/dfsinuca.com.br\/loja\/wp-json\/wp\/v2\/product"}],"about":[{"href":"https:\/\/dfsinuca.com.br\/loja\/wp-json\/wp\/v2\/types\/product"}],"replies":[{"embeddable":true,"href":"https:\/\/dfsinuca.com.br\/loja\/wp-json\/wp\/v2\/comments?post=6344"}],"wp:featuredmedia":[{"embeddable":true,"href":"https:\/\/dfsinuca.com.br\/loja\/wp-json\/wp\/v2\/media\/6304"}],"wp:attachment":[{"href":"https:\/\/dfsinuca.com.br\/loja\/wp-json\/wp\/v2\/media?parent=6344"}],"curies":[{"name":"wp","href":"https:\/\/api.w.org\/{rel}","templated":true}]}}