{"id":6080,"date":"2020-05-09T10:47:15","date_gmt":"2020-05-09T13:47:15","guid":{"rendered":"https:\/\/dfsinuca.com.br\/loja\/?post_type=product&#038;p=6080"},"modified":"2022-10-26T15:04:53","modified_gmt":"2022-10-26T18:04:53","slug":"jogo-de-bolas-regra-inglesa-chines","status":"publish","type":"product","link":"https:\/\/dfsinuca.com.br\/loja\/produto\/jogo-de-bolas-regra-inglesa-chines\/","title":{"rendered":"Jogo de bolas regra inglesa chin\u00eas"},"content":{"rendered":"","protected":false},"excerpt":{"rendered":"<p>Dimens\u00f5es e peso: 35 x 24 x 8 \/ 3.450 KG<br \/>\nDescri\u00e7\u00e3o: jogo de bolas chin\u00eas 54mm regra inglesa<\/p>\n<p>&nbsp;<\/p>\n","protected":false},"featured_media":6081,"comment_status":"open","ping_status":"closed","template":"","meta":[],"class_list":{"0":"post-6080","1":"product","2":"type-product","3":"status-publish","4":"has-post-thumbnail","6":"product_cat-acessorios-para-sinuca","7":"product_tag-jogo-bolas","8":"product_tag-jogo-de-bolas-regra-inglesa","9":"product_tag-regra-inglesa","11":"first","12":"outofstock","13":"shipping-taxable","14":"purchasable","15":"product-type-simple"},"_links":{"self":[{"href":"https:\/\/dfsinuca.com.br\/loja\/wp-json\/wp\/v2\/product\/6080","targetHints":{"allow":["GET"]}}],"collection":[{"href":"https:\/\/dfsinuca.com.br\/loja\/wp-json\/wp\/v2\/product"}],"about":[{"href":"https:\/\/dfsinuca.com.br\/loja\/wp-json\/wp\/v2\/types\/product"}],"replies":[{"embeddable":true,"href":"https:\/\/dfsinuca.com.br\/loja\/wp-json\/wp\/v2\/comments?post=6080"}],"wp:featuredmedia":[{"embeddable":true,"href":"https:\/\/dfsinuca.com.br\/loja\/wp-json\/wp\/v2\/media\/6081"}],"wp:attachment":[{"href":"https:\/\/dfsinuca.com.br\/loja\/wp-json\/wp\/v2\/media?parent=6080"}],"curies":[{"name":"wp","href":"https:\/\/api.w.org\/{rel}","templated":true}]}}