{"id":6042,"date":"2020-05-07T09:49:34","date_gmt":"2020-05-07T12:49:34","guid":{"rendered":"https:\/\/dfsinuca.com.br\/loja\/?post_type=product&#038;p=6042"},"modified":"2022-10-27T10:10:21","modified_gmt":"2022-10-27T13:10:21","slug":"giz-master-laranja","status":"publish","type":"product","link":"https:\/\/dfsinuca.com.br\/loja\/produto\/giz-master-laranja\/","title":{"rendered":"Giz master laranja"},"content":{"rendered":"","protected":false},"excerpt":{"rendered":"<p>A marca master \u00e9 uma das mais renomadas e de melhor custo benef\u00edcio no Brasil. Feita nos Estados Unidos, a master tem como principal objetivo a produ\u00e7\u00e3o de produtos de m\u00e1xima qualidade aos seus clientes.<\/p>\n","protected":false},"featured_media":6043,"comment_status":"open","ping_status":"closed","template":"","meta":[],"class_list":{"0":"post-6042","1":"product","2":"type-product","3":"status-publish","4":"has-post-thumbnail","6":"product_cat-giz","7":"product_tag-giz","8":"product_tag-giz-master","9":"product_tag-giz-para-taco","11":"first","12":"instock","13":"shipping-taxable","14":"purchasable","15":"product-type-simple"},"_links":{"self":[{"href":"https:\/\/dfsinuca.com.br\/loja\/wp-json\/wp\/v2\/product\/6042","targetHints":{"allow":["GET"]}}],"collection":[{"href":"https:\/\/dfsinuca.com.br\/loja\/wp-json\/wp\/v2\/product"}],"about":[{"href":"https:\/\/dfsinuca.com.br\/loja\/wp-json\/wp\/v2\/types\/product"}],"replies":[{"embeddable":true,"href":"https:\/\/dfsinuca.com.br\/loja\/wp-json\/wp\/v2\/comments?post=6042"}],"wp:featuredmedia":[{"embeddable":true,"href":"https:\/\/dfsinuca.com.br\/loja\/wp-json\/wp\/v2\/media\/6043"}],"wp:attachment":[{"href":"https:\/\/dfsinuca.com.br\/loja\/wp-json\/wp\/v2\/media?parent=6042"}],"curies":[{"name":"wp","href":"https:\/\/api.w.org\/{rel}","templated":true}]}}