{"id":6038,"date":"2020-05-07T09:37:51","date_gmt":"2020-05-07T12:37:51","guid":{"rendered":"https:\/\/dfsinuca.com.br\/loja\/?post_type=product&#038;p=6038"},"modified":"2022-10-27T10:15:23","modified_gmt":"2022-10-27T13:15:23","slug":"giz-master-preto","status":"publish","type":"product","link":"https:\/\/dfsinuca.com.br\/loja\/produto\/giz-master-preto\/","title":{"rendered":"Giz master preto"},"content":{"rendered":"","protected":false},"excerpt":{"rendered":"<p>A marca master \u00e9 uma das mais renomadas e de melhor custo benef\u00edcio no Brasil. Feita nos Estados Unidos, a master tem como principal objetivo a produ\u00e7\u00e3o de produtos de m\u00e1xima qualidade aos seus clientes.<\/p>\n","protected":false},"featured_media":6039,"comment_status":"open","ping_status":"closed","template":"","meta":[],"class_list":{"0":"post-6038","1":"product","2":"type-product","3":"status-publish","4":"has-post-thumbnail","6":"product_cat-giz","7":"product_tag-giz","8":"product_tag-giz-master","9":"product_tag-giz-master-preto","10":"product_tag-giz-para-taco","12":"first","13":"instock","14":"shipping-taxable","15":"purchasable","16":"product-type-simple"},"_links":{"self":[{"href":"https:\/\/dfsinuca.com.br\/loja\/wp-json\/wp\/v2\/product\/6038","targetHints":{"allow":["GET"]}}],"collection":[{"href":"https:\/\/dfsinuca.com.br\/loja\/wp-json\/wp\/v2\/product"}],"about":[{"href":"https:\/\/dfsinuca.com.br\/loja\/wp-json\/wp\/v2\/types\/product"}],"replies":[{"embeddable":true,"href":"https:\/\/dfsinuca.com.br\/loja\/wp-json\/wp\/v2\/comments?post=6038"}],"wp:featuredmedia":[{"embeddable":true,"href":"https:\/\/dfsinuca.com.br\/loja\/wp-json\/wp\/v2\/media\/6039"}],"wp:attachment":[{"href":"https:\/\/dfsinuca.com.br\/loja\/wp-json\/wp\/v2\/media?parent=6038"}],"curies":[{"name":"wp","href":"https:\/\/api.w.org\/{rel}","templated":true}]}}