{"id":6029,"date":"2020-05-07T09:21:01","date_gmt":"2020-05-07T12:21:01","guid":{"rendered":"https:\/\/dfsinuca.com.br\/loja\/?post_type=product&#038;p=6029"},"modified":"2024-11-10T00:25:10","modified_gmt":"2024-11-10T02:25:10","slug":"giz-master-azul","status":"publish","type":"product","link":"https:\/\/dfsinuca.com.br\/loja\/produto\/giz-master-azul\/","title":{"rendered":"Giz master azul"},"content":{"rendered":"","protected":false},"excerpt":{"rendered":"<p>A marca master \u00e9 uma das mais renomadas e de melhor custo benef\u00edcio no Brasil. Feita nos Estados Unidos, a master tem como principal objetivo a produ\u00e7\u00e3o de produtos de m\u00e1xima qualidade aos seus clientes.<\/p>\n","protected":false},"featured_media":6030,"comment_status":"open","ping_status":"closed","template":"","meta":[],"class_list":{"0":"post-6029","1":"product","2":"type-product","3":"status-publish","4":"has-post-thumbnail","6":"product_cat-giz","7":"product_tag-azul","8":"product_tag-giz-master","9":"product_tag-giz-master-azul","10":"product_tag-master","12":"first","13":"instock","14":"shipping-taxable","15":"purchasable","16":"product-type-simple"},"_links":{"self":[{"href":"https:\/\/dfsinuca.com.br\/loja\/wp-json\/wp\/v2\/product\/6029","targetHints":{"allow":["GET"]}}],"collection":[{"href":"https:\/\/dfsinuca.com.br\/loja\/wp-json\/wp\/v2\/product"}],"about":[{"href":"https:\/\/dfsinuca.com.br\/loja\/wp-json\/wp\/v2\/types\/product"}],"replies":[{"embeddable":true,"href":"https:\/\/dfsinuca.com.br\/loja\/wp-json\/wp\/v2\/comments?post=6029"}],"wp:featuredmedia":[{"embeddable":true,"href":"https:\/\/dfsinuca.com.br\/loja\/wp-json\/wp\/v2\/media\/6030"}],"wp:attachment":[{"href":"https:\/\/dfsinuca.com.br\/loja\/wp-json\/wp\/v2\/media?parent=6029"}],"curies":[{"name":"wp","href":"https:\/\/api.w.org\/{rel}","templated":true}]}}