{"id":5693,"date":"2020-04-16T11:13:03","date_gmt":"2020-04-16T14:13:03","guid":{"rendered":"https:\/\/dfsinuca.com.br\/loja\/?post_type=product&#038;p=5693"},"modified":"2026-02-03T14:41:29","modified_gmt":"2026-02-03T17:41:29","slug":"mesa-de-sinuca-modelo-rally","status":"publish","type":"product","link":"https:\/\/dfsinuca.com.br\/loja\/produto\/mesa-de-sinuca-modelo-rally\/","title":{"rendered":"Mesa de Sinuca Rally"},"content":{"rendered":"<p>Mesa de Sinuca Modelo: Residencial Rally, Com Tampo Em Pedra ard\u00f3sia. Fabricada em madeira Maci\u00e7a Pinus Tratado com excelente acabamento em verniz mar\u00edtimo transparente e p\u00e9s niveladores de metal embutidos.<\/p>\n<p><strong>DISPON\u00cdVEL TAMB\u00c9M NA COR PRETA (Verificar disponibilidade )<\/strong><\/p>\n<p><strong>ACESS\u00d3RIOS<\/strong>:<\/p>\n<ul>\n<li>04 Tacos;<\/li>\n<li>01 Jogo de bolas numeradas 50 mm;<\/li>\n<li>01 Giz azul e branco.<\/li>\n<\/ul>\n<p><strong>MEDIDA EXTERNA<\/strong>: 1,80 \u00d7 1,05 Mts<\/p>\n<p><strong>MEDIDA INTERNA: <\/strong>1,54 \u00d7 0,79 Mts<\/p>\n<p><strong>MAIS INFORMA\u00c7\u00d5ES WhatsApp 9 9951-4301<\/strong><\/p>\n","protected":false},"excerpt":{"rendered":"<p><strong>Mesa de Sinuca Modelo Residencial Rally<\/strong><\/p>\n<p><span style=\"color: #ff0000;\">Devido o c\u00e1lculo do Frete ser necess\u00e1rio mediante alguns detalhes importantes, este produto s\u00f3 pode ser comprado via WhatsApp ou telefone, clique no bot\u00e3o para iniciar o or\u00e7amento.<\/span><\/p>\n","protected":false},"featured_media":10733,"comment_status":"open","ping_status":"closed","template":"","meta":[],"class_list":{"0":"post-5693","1":"product","2":"type-product","3":"status-publish","4":"has-post-thumbnail","6":"product_cat-linha-classica","7":"product_cat-sinucas-venda-aluguel-para-eventos","8":"product_cat-sinucas","10":"first","11":"instock","12":"shipping-taxable","13":"product-type-external"},"_links":{"self":[{"href":"https:\/\/dfsinuca.com.br\/loja\/wp-json\/wp\/v2\/product\/5693","targetHints":{"allow":["GET"]}}],"collection":[{"href":"https:\/\/dfsinuca.com.br\/loja\/wp-json\/wp\/v2\/product"}],"about":[{"href":"https:\/\/dfsinuca.com.br\/loja\/wp-json\/wp\/v2\/types\/product"}],"replies":[{"embeddable":true,"href":"https:\/\/dfsinuca.com.br\/loja\/wp-json\/wp\/v2\/comments?post=5693"}],"wp:featuredmedia":[{"embeddable":true,"href":"https:\/\/dfsinuca.com.br\/loja\/wp-json\/wp\/v2\/media\/10733"}],"wp:attachment":[{"href":"https:\/\/dfsinuca.com.br\/loja\/wp-json\/wp\/v2\/media?parent=5693"}],"curies":[{"name":"wp","href":"https:\/\/api.w.org\/{rel}","templated":true}]}}