{"id":5622,"date":"2020-04-16T08:57:51","date_gmt":"2020-04-16T11:57:51","guid":{"rendered":"https:\/\/dfsinuca.com.br\/loja\/?post_type=product&#038;p=5622"},"modified":"2026-01-22T10:52:59","modified_gmt":"2026-01-22T13:52:59","slug":"servico-de-aluguel-de-mesa-de-sinuca","status":"publish","type":"product","link":"https:\/\/dfsinuca.com.br\/loja\/produto\/servico-de-aluguel-de-mesa-de-sinuca\/","title":{"rendered":"SERVI\u00c7O DE LOCA\u00c7\u00c3O &#8211; MESA DE SINUCA MODELO CEREJEIRA C\/ GAVETA."},"content":{"rendered":"<p data-start=\"157\" data-end=\"359\">\ud83d\udcc5 <strong data-start=\"160\" data-end=\"182\">Per\u00edodo de Loca\u00e7\u00e3o<\/strong><br data-start=\"182\" data-end=\"185\" \/>O aluguel \u00e9 v\u00e1lido para <strong data-start=\"209\" data-end=\"223\">1 a 4 dias<\/strong>.<br data-start=\"224\" data-end=\"227\" \/>Em <strong data-start=\"230\" data-end=\"248\">fins de semana<\/strong>, realizamos a <strong data-start=\"263\" data-end=\"289\">entrega na sexta-feira<\/strong> e o <strong data-start=\"294\" data-end=\"327\">recolhimento na segunda-feira<\/strong>, sem custo adicional de di\u00e1ria.<\/p>\n<p data-start=\"361\" data-end=\"433\">\ud83d\udccd <strong data-start=\"364\" data-end=\"387\">\u00c1rea de Atendimento<\/strong><br data-start=\"387\" data-end=\"390\" \/>Atendemos <strong data-start=\"400\" data-end=\"432\">todo o Distrito Federal (DF)<\/strong>.<\/p>\n<p data-start=\"435\" data-end=\"566\">\ud83d\ude9a <strong data-start=\"438\" data-end=\"447\">Frete<\/strong><br data-start=\"447\" data-end=\"450\" \/>O valor do frete pode variar de acordo com a localidade.<br data-start=\"506\" data-end=\"509\" \/>\ud83d\udc49 <em data-start=\"512\" data-end=\"566\">Consulte-nos para verificar o custo para sua regi\u00e3o.<\/em><\/p>\n<p data-start=\"568\" data-end=\"693\">\ud83c\udf89 <strong data-start=\"571\" data-end=\"595\">Pacotes Promocionais<\/strong><br data-start=\"595\" data-end=\"598\" \/>Na loca\u00e7\u00e3o de <strong data-start=\"612\" data-end=\"631\">mais de um item<\/strong>, oferecemos <strong data-start=\"644\" data-end=\"692\">pacotes promocionais com condi\u00e7\u00f5es especiais<\/strong>.<\/p>\n<p data-start=\"695\" data-end=\"818\">\ud83d\udcac <strong data-start=\"698\" data-end=\"727\">Or\u00e7amento Sem Compromisso<\/strong><br data-start=\"727\" data-end=\"730\" \/>Entre em contato conosco, tire suas d\u00favidas e <strong data-start=\"776\" data-end=\"817\">solicite um or\u00e7amento sem compromisso<\/strong>.<\/p>\n","protected":false},"excerpt":{"rendered":"<p>Aluguel de mesa de sinuca para eventos e festas.<\/p>\n<p>&nbsp;<\/p>\n<p><span style=\"color: #ff0000;\">Devido o c\u00e1lculo do Frete ser necess\u00e1rio mediante alguns detalhes importantes, este produto s\u00f3 pode ser comprado via WhatsApp ou telefone, clique no bot\u00e3o para iniciar o or\u00e7amento.<\/span><\/p>\n","protected":false},"featured_media":10664,"comment_status":"open","ping_status":"closed","template":"","meta":[],"class_list":{"0":"post-5622","1":"product","2":"type-product","3":"status-publish","4":"has-post-thumbnail","6":"product_cat-sinucas","8":"first","9":"instock","10":"shipping-taxable","11":"product-type-external"},"_links":{"self":[{"href":"https:\/\/dfsinuca.com.br\/loja\/wp-json\/wp\/v2\/product\/5622","targetHints":{"allow":["GET"]}}],"collection":[{"href":"https:\/\/dfsinuca.com.br\/loja\/wp-json\/wp\/v2\/product"}],"about":[{"href":"https:\/\/dfsinuca.com.br\/loja\/wp-json\/wp\/v2\/types\/product"}],"replies":[{"embeddable":true,"href":"https:\/\/dfsinuca.com.br\/loja\/wp-json\/wp\/v2\/comments?post=5622"}],"wp:featuredmedia":[{"embeddable":true,"href":"https:\/\/dfsinuca.com.br\/loja\/wp-json\/wp\/v2\/media\/10664"}],"wp:attachment":[{"href":"https:\/\/dfsinuca.com.br\/loja\/wp-json\/wp\/v2\/media?parent=5622"}],"curies":[{"name":"wp","href":"https:\/\/api.w.org\/{rel}","templated":true}]}}