{"id":5587,"date":"2020-04-15T16:44:04","date_gmt":"2020-04-15T19:44:04","guid":{"rendered":"https:\/\/dfsinuca.com.br\/loja\/?post_type=product&#038;p=5587"},"modified":"2024-08-14T11:30:01","modified_gmt":"2024-08-14T14:30:01","slug":"mesa-de-sinuca-residencial-modelo-denver","status":"publish","type":"product","link":"https:\/\/dfsinuca.com.br\/loja\/produto\/mesa-de-sinuca-residencial-modelo-denver\/","title":{"rendered":"Mesa de Sinuca Residencial Modelo: Denver"},"content":{"rendered":"<p>Mesa de sinuca Residencial Modelo Denver com Tampo em Pedra Ard\u00f3sia, Pano Acr\u00edlico na Cor Verde, Ca\u00e7apa Embutida. Estrutura e acabamento da Mesa fabricada 100% em Madeira Maci\u00e7a (Sucupira), Detalhes em Madre p\u00e9rolas nas tabelas, P\u00e9s niveladores de alum\u00ednio. Mesa com Design moderno e material de r\u00fastico de alta durabilidade.<\/p>\n<p><strong>ACESS\u00d3RIOS<\/strong>:<\/p>\n<p>06 Tacos de Sola;<\/p>\n<p>01 Taqueira;<\/p>\n<p>01 Quadro Marcador;<\/p>\n<p>01 Jogo de Bolas N\u00fameradas 54mm;<\/p>\n<p>01 Giz Azul e Branco;<\/p>\n<p>01 Fancho ou Cruzeta;<\/p>\n<p>01 Apagador<\/p>\n<p>01 Escova.<\/p>\n<p><strong>MEDIDA EXTERNA<\/strong>: 2,46 X 1,33M<\/p>\n<p><strong>MEDIDA INTERNA:<\/strong>2,20 X 1,10M<\/p>\n","protected":false},"excerpt":{"rendered":"<p>Mesa de Sinuca Semioficial 2,46&#215;1,33 mts Com Tampo em Pedra Ard\u00f3sia, Vigota de Madeira Maci\u00e7a Sucupira.<\/p>\n<p>&nbsp;<\/p>\n<p><span style=\"color: #ff0000;\">Devido o c\u00e1lculo do Frete ser necess\u00e1rio mediante alguns detalhes importantes, este produto s\u00f3 pode ser comprado via WhatsApp ou telefone, clique no bot\u00e3o para iniciar o or\u00e7amento.<\/span><\/p>\n","protected":false},"featured_media":7962,"comment_status":"open","ping_status":"closed","template":"","meta":[],"class_list":{"0":"post-5587","1":"product","2":"type-product","3":"status-publish","4":"has-post-thumbnail","6":"product_cat-linha-premium","7":"product_cat-sinucas-venda-aluguel-para-eventos","8":"product_cat-sinucas","9":"product_tag-denver","10":"product_tag-mesa-de-sinuca","11":"product_tag-sinuca","13":"first","14":"instock","15":"shipping-taxable","16":"product-type-external"},"_links":{"self":[{"href":"https:\/\/dfsinuca.com.br\/loja\/wp-json\/wp\/v2\/product\/5587","targetHints":{"allow":["GET"]}}],"collection":[{"href":"https:\/\/dfsinuca.com.br\/loja\/wp-json\/wp\/v2\/product"}],"about":[{"href":"https:\/\/dfsinuca.com.br\/loja\/wp-json\/wp\/v2\/types\/product"}],"replies":[{"embeddable":true,"href":"https:\/\/dfsinuca.com.br\/loja\/wp-json\/wp\/v2\/comments?post=5587"}],"wp:featuredmedia":[{"embeddable":true,"href":"https:\/\/dfsinuca.com.br\/loja\/wp-json\/wp\/v2\/media\/7962"}],"wp:attachment":[{"href":"https:\/\/dfsinuca.com.br\/loja\/wp-json\/wp\/v2\/media?parent=5587"}],"curies":[{"name":"wp","href":"https:\/\/api.w.org\/{rel}","templated":true}]}}