{"id":5556,"date":"2020-04-15T12:52:37","date_gmt":"2020-04-15T15:52:37","guid":{"rendered":"https:\/\/dfsinuca.com.br\/loja\/?post_type=product&#038;p=5556"},"modified":"2026-01-22T09:28:52","modified_gmt":"2026-01-22T12:28:52","slug":"mesa-de-pebolim-toto-residencial-rally","status":"publish","type":"product","link":"https:\/\/dfsinuca.com.br\/loja\/produto\/mesa-de-pebolim-toto-residencial-rally\/","title":{"rendered":"Mesa de Pebolim (Tot\u00f3) Residencial Rally"},"content":{"rendered":"<p><strong>MESA DE TOTOBOL RESIDENCIAL RALLY\u00a0<\/strong><br \/>\nJogadores em ferro embutido em pintura eletrost\u00e1tica, p\u00e9 nivelador embutido emborrachado de alta ader\u00eancia.<\/p>\n<p><strong>ACOMPANHA:<\/strong><\/p>\n<p>03 bolinhas;<\/p>\n<p><strong>MEDIDA: 1,34 x 0,77 x 0,88M<\/strong><\/p>\n","protected":false},"excerpt":{"rendered":"<p>Mesa de Pebolim (Tot\u00f3) Residencial Rally.<\/p>\n<p>&nbsp;<\/p>\n<p><span style=\"color: #ff0000;\">Devido o c\u00e1lculo do Frete ser necess\u00e1rio mediante alguns detalhes importantes, este produto s\u00f3 pode ser comprado via WhatsApp ou telefone, clique no bot\u00e3o para iniciar o or\u00e7amento.<\/span><\/p>\n","protected":false},"featured_media":7532,"comment_status":"open","ping_status":"closed","template":"","meta":[],"class_list":{"0":"post-5556","1":"product","2":"type-product","3":"status-publish","4":"has-post-thumbnail","6":"product_cat-rally-totobol","7":"product_cat-totobol","9":"first","10":"instock","11":"shipping-taxable","12":"product-type-external"},"_links":{"self":[{"href":"https:\/\/dfsinuca.com.br\/loja\/wp-json\/wp\/v2\/product\/5556","targetHints":{"allow":["GET"]}}],"collection":[{"href":"https:\/\/dfsinuca.com.br\/loja\/wp-json\/wp\/v2\/product"}],"about":[{"href":"https:\/\/dfsinuca.com.br\/loja\/wp-json\/wp\/v2\/types\/product"}],"replies":[{"embeddable":true,"href":"https:\/\/dfsinuca.com.br\/loja\/wp-json\/wp\/v2\/comments?post=5556"}],"wp:featuredmedia":[{"embeddable":true,"href":"https:\/\/dfsinuca.com.br\/loja\/wp-json\/wp\/v2\/media\/7532"}],"wp:attachment":[{"href":"https:\/\/dfsinuca.com.br\/loja\/wp-json\/wp\/v2\/media?parent=5556"}],"curies":[{"name":"wp","href":"https:\/\/api.w.org\/{rel}","templated":true}]}}