{"id":5551,"date":"2020-04-15T12:49:57","date_gmt":"2020-04-15T15:49:57","guid":{"rendered":"https:\/\/dfsinuca.com.br\/loja\/?post_type=product&#038;p=5551"},"modified":"2026-01-21T13:00:20","modified_gmt":"2026-01-21T16:00:20","slug":"mesa-de-totobol-pebolim-drumond-luxo","status":"publish","type":"product","link":"https:\/\/dfsinuca.com.br\/loja\/produto\/mesa-de-totobol-pebolim-drumond-luxo\/","title":{"rendered":"Mesa de Pebolim (Tot\u00f3) Residencial Drumond Luxo"},"content":{"rendered":"<p><strong>MESA DE TOTOBOL RESIDENCIAL DRUMOND LUXO\u00a0\u00a0<\/strong><br \/>\nJogadores em ferro embutido em pintura eletrost\u00e1tica, p\u00e9 nivelador embutido emborrachado de alta ader\u00eancia.<\/p>\n<p><strong>ACOMPANHA:<\/strong><\/p>\n<p>03 bolinhas;<\/p>\n<p><strong>MEDIDA: 1,34 x 0,77 x 0,88M<\/strong><\/p>\n","protected":false},"excerpt":{"rendered":"<p>Mesa de tot\u00f3 modelo residencial luxo com jogadores em ferro embutido e estrutura em madeira maci\u00e7a(Sucupira).<\/p>\n<p>Acompanha 03 bolinhas.<\/p>\n<p>Medidas: 1,34 x 0,77 mts<\/p>\n<p>&nbsp;<\/p>\n<p><span style=\"color: #ff0000;\">Devido o c\u00e1lculo do Frete ser necess\u00e1rio mediante alguns detalhes importantes, este produto s\u00f3 pode ser comprado via WhatsApp ou telefone, clique no bot\u00e3o para iniciar o or\u00e7amento.<\/span><\/p>\n","protected":false},"featured_media":10630,"comment_status":"open","ping_status":"closed","template":"","meta":[],"class_list":{"0":"post-5551","1":"product","2":"type-product","3":"status-publish","4":"has-post-thumbnail","6":"product_cat-luxo-totobol","7":"product_cat-totobol","8":"product_tag-pebolim","9":"product_tag-toto","10":"product_tag-totobol","12":"first","13":"instock","14":"shipping-taxable","15":"product-type-external"},"_links":{"self":[{"href":"https:\/\/dfsinuca.com.br\/loja\/wp-json\/wp\/v2\/product\/5551","targetHints":{"allow":["GET"]}}],"collection":[{"href":"https:\/\/dfsinuca.com.br\/loja\/wp-json\/wp\/v2\/product"}],"about":[{"href":"https:\/\/dfsinuca.com.br\/loja\/wp-json\/wp\/v2\/types\/product"}],"replies":[{"embeddable":true,"href":"https:\/\/dfsinuca.com.br\/loja\/wp-json\/wp\/v2\/comments?post=5551"}],"wp:featuredmedia":[{"embeddable":true,"href":"https:\/\/dfsinuca.com.br\/loja\/wp-json\/wp\/v2\/media\/10630"}],"wp:attachment":[{"href":"https:\/\/dfsinuca.com.br\/loja\/wp-json\/wp\/v2\/media?parent=5551"}],"curies":[{"name":"wp","href":"https:\/\/api.w.org\/{rel}","templated":true}]}}