{"id":5329,"date":"2016-03-17T08:07:48","date_gmt":"2016-03-17T11:07:48","guid":{"rendered":"https:\/\/demo2.chethemes.com\/electro\/?post_type=product&#038;p=2608"},"modified":"2026-02-03T14:45:59","modified_gmt":"2026-02-03T17:45:59","slug":"mesa-residencial-camping","status":"publish","type":"product","link":"https:\/\/dfsinuca.com.br\/loja\/produto\/mesa-residencial-camping\/","title":{"rendered":"Mesa de Sinuca Residencial Camping"},"content":{"rendered":"<p>Mesa de Sinuca Modelo Residencial Camping, Com Tecido Acr\u00edlico Verde, Tampo em Pedra ard\u00f3sia, Estrutura em madeira maci\u00e7a (Sucupira) com p\u00e9s niveladores em Alum\u00ednio.<\/p>\n<p><strong>ACESS\u00d3RIOS<\/strong>:<\/p>\n<ul>\n<li>06 Tacos<\/li>\n<li>01 Taqueira<\/li>\n<li>01 Quadro marcador<\/li>\n<li>01 Jogo de bolas numeradas: 50 mm<\/li>\n<li>01 Giz azul e branco<\/li>\n<li>01 Apagador<\/li>\n<li>01 Escova.<\/li>\n<\/ul>\n<p>Tamanhos dispon\u00edveis:<\/p>\n<p>&#8211; <strong>Compacto<\/strong>: 1,80 x 1,05 Mts (<strong><em>medida externa<\/em><\/strong>)<\/p>\n<p>&#8211; <strong>Home<\/strong>: 2,13 x 1,25 ou 2,25x 1,31 Mts (<em><strong>medida externa<\/strong><\/em>)<\/p>\n<p>&#8211; <strong>Semi-pr\u00f3<\/strong>: 2,46 x 1,36 Mts ou 2,60 x 1,42 Mts (<em><strong>medida externa<\/strong><\/em>)<\/p>\n<p>&nbsp;<\/p>\n<p><strong>MAIS INFORMA\u00c7\u00d5ES WHATSAPP 9 9951-4301<\/strong><\/p>\n","protected":false},"excerpt":{"rendered":"<p><strong>Mesa de Sinuca Modelo: Residencial Camping, Com tampo em pedra Ard\u00f3sia.<\/strong><\/p>\n<p>&nbsp;<\/p>\n<p><span style=\"color: #ff0000;\">Devido o c\u00e1lculo do Frete ser necess\u00e1rio mediante alguns detalhes importantes, este produto s\u00f3 pode ser comprado via WhatsApp ou telefone, clique no bot\u00e3o para iniciar o or\u00e7amento.<\/span><\/p>\n","protected":false},"featured_media":10734,"comment_status":"open","ping_status":"closed","template":"","meta":[],"class_list":{"0":"post-5329","1":"product","2":"type-product","3":"status-publish","4":"has-post-thumbnail","6":"product_cat-linha-classica","7":"product_cat-sinucas-venda-aluguel-para-eventos","8":"product_cat-sinucas","10":"first","11":"instock","12":"featured","13":"shipping-taxable","14":"product-type-external"},"_links":{"self":[{"href":"https:\/\/dfsinuca.com.br\/loja\/wp-json\/wp\/v2\/product\/5329","targetHints":{"allow":["GET"]}}],"collection":[{"href":"https:\/\/dfsinuca.com.br\/loja\/wp-json\/wp\/v2\/product"}],"about":[{"href":"https:\/\/dfsinuca.com.br\/loja\/wp-json\/wp\/v2\/types\/product"}],"replies":[{"embeddable":true,"href":"https:\/\/dfsinuca.com.br\/loja\/wp-json\/wp\/v2\/comments?post=5329"}],"wp:featuredmedia":[{"embeddable":true,"href":"https:\/\/dfsinuca.com.br\/loja\/wp-json\/wp\/v2\/media\/10734"}],"wp:attachment":[{"href":"https:\/\/dfsinuca.com.br\/loja\/wp-json\/wp\/v2\/media?parent=5329"}],"curies":[{"name":"wp","href":"https:\/\/api.w.org\/{rel}","templated":true}]}}