{"id":2932,"date":"2016-03-26T14:00:44","date_gmt":"2016-03-26T17:00:44","guid":{"rendered":"https:\/\/demo2.chethemes.com\/electro\/product\/tablet-thin-elitebook-revolve-810-g6\/"},"modified":"2026-02-06T15:20:22","modified_gmt":"2026-02-06T18:20:22","slug":"mesa-sinuca-imperial","status":"publish","type":"product","link":"https:\/\/dfsinuca.com.br\/loja\/produto\/mesa-sinuca-imperial\/","title":{"rendered":"MESA DE SINUCA IMPERIAL"},"content":{"rendered":"<p>Mesa de sinuca modelo Imperial, tabelas e acabamento em madeira maci\u00e7a sucupira e estrutura em madeira pinus revestida em f\u00f3rmica preta, pano acr\u00edlico preto, tampo em pedra ard\u00f3sia sistema de madrep\u00e9rolas\u00a0 e p\u00e9s niveladores de alum\u00ednio.<\/p>\n<p><strong>ACESS\u00d3RIOS<\/strong>:<\/p>\n<p>06 tacos,<\/p>\n<p>01 taqueira;<\/p>\n<p>01 quadro marcador;<\/p>\n<p>01 jogo de bolas numeradas 50mm;<\/p>\n<p>01 giz azul e branco;<\/p>\n<p>01 apagador e<\/p>\n<p>01 escova.<\/p>\n<p><strong>MEDIDA EXTERNA<\/strong>: 2,25 X 1,31M<\/p>\n<p><strong>MEDIDA INTERNA:<\/strong>1,99 X 1,05 M<\/p>\n<p><strong>MAIS INFORMA\u00c7OES WHATSAPP 9 9951-4301<\/strong><\/p>\n","protected":false},"excerpt":{"rendered":"<p>Mesa de sinuca com tampo em pedra ard\u00f3sia, mesa com tabela em sucupira e acess\u00f3rios.<\/p>\n<p><span style=\"color: #ff0000;\">Devido o c\u00e1lculo do Frete ser necess\u00e1rio mediante alguns detalhes importantes, este produto s\u00f3 pode ser comprado via WhatsApp ou telefone, clique no bot\u00e3o para iniciar o or\u00e7amento.<\/span><\/p>\n","protected":false},"featured_media":10785,"comment_status":"open","ping_status":"closed","template":"","meta":[],"class_list":{"0":"post-2932","1":"product","2":"type-product","3":"status-publish","4":"has-post-thumbnail","6":"product_cat-imperial","7":"product_cat-linha-design","8":"product_cat-sinucas-venda-aluguel-para-eventos","9":"product_cat-sinucas","11":"first","12":"instock","13":"featured","14":"shipping-taxable","15":"product-type-external"},"_links":{"self":[{"href":"https:\/\/dfsinuca.com.br\/loja\/wp-json\/wp\/v2\/product\/2932","targetHints":{"allow":["GET"]}}],"collection":[{"href":"https:\/\/dfsinuca.com.br\/loja\/wp-json\/wp\/v2\/product"}],"about":[{"href":"https:\/\/dfsinuca.com.br\/loja\/wp-json\/wp\/v2\/types\/product"}],"replies":[{"embeddable":true,"href":"https:\/\/dfsinuca.com.br\/loja\/wp-json\/wp\/v2\/comments?post=2932"}],"wp:featuredmedia":[{"embeddable":true,"href":"https:\/\/dfsinuca.com.br\/loja\/wp-json\/wp\/v2\/media\/10785"}],"wp:attachment":[{"href":"https:\/\/dfsinuca.com.br\/loja\/wp-json\/wp\/v2\/media?parent=2932"}],"curies":[{"name":"wp","href":"https:\/\/api.w.org\/{rel}","templated":true}]}}