{"id":2701,"date":"2016-03-19T14:09:02","date_gmt":"2016-03-19T17:09:02","guid":{"rendered":"https:\/\/demo2.chethemes.com\/electro\/?post_type=product&#038;p=2701"},"modified":"2026-01-30T21:30:16","modified_gmt":"2026-01-31T00:30:16","slug":"mesa-sinuca-jobim","status":"publish","type":"product","link":"https:\/\/dfsinuca.com.br\/loja\/produto\/mesa-sinuca-jobim\/","title":{"rendered":"Mesa de Sinuca Jobim"},"content":{"rendered":"<p>Mesa de sinuca e jantar modelo Jobim com tampo em pedra ard\u00f3sia e pano acr\u00edlico na cor verde, estrutura em madeira pinus revestida em f\u00f3rmica<\/p>\n<p><strong>ACESS\u00d3RIOS<\/strong>:<\/p>\n<p>06 tacos,<\/p>\n<p>01 taqueira;<\/p>\n<p>01 quadro marcador;<\/p>\n<p>01 jogo de bolas numeradas 50mm;<\/p>\n<p>01 giz azul e branco;<\/p>\n<p>01 apagador e<\/p>\n<p>01 escova.<\/p>\n<p><strong>MEDIDA EXTERNA<\/strong>: 2,25 X 1,31M<\/p>\n<p><strong>MEDIDA INTERNA:<\/strong>1,99 X 1,05 M<\/p>\n<p><strong>MAIS INFORMA\u00c7OES WHATSAPP 9 9951-4301<\/strong><\/p>\n","protected":false},"excerpt":{"rendered":"<p>A mesa de sinuca ideal para sua \u00e1rea de lazer.<\/p>\n<p>&nbsp;<\/p>\n<p><span style=\"color: #ff0000;\">Devido o c\u00e1lculo do Frete ser necess\u00e1rio mediante alguns detalhes importantes, este produto s\u00f3 pode ser comprado via WhatsApp ou telefone, clique no bot\u00e3o para iniciar o or\u00e7amento.<\/span><\/p>\n","protected":false},"featured_media":5373,"comment_status":"open","ping_status":"closed","template":"","meta":[],"class_list":{"0":"post-2701","1":"product","2":"type-product","3":"status-publish","4":"has-post-thumbnail","6":"product_cat-linha-versatil","7":"product_cat-sinucas-venda-aluguel-para-eventos","8":"product_cat-sinucas","10":"first","11":"instock","12":"shipping-taxable","13":"product-type-external"},"_links":{"self":[{"href":"https:\/\/dfsinuca.com.br\/loja\/wp-json\/wp\/v2\/product\/2701","targetHints":{"allow":["GET"]}}],"collection":[{"href":"https:\/\/dfsinuca.com.br\/loja\/wp-json\/wp\/v2\/product"}],"about":[{"href":"https:\/\/dfsinuca.com.br\/loja\/wp-json\/wp\/v2\/types\/product"}],"replies":[{"embeddable":true,"href":"https:\/\/dfsinuca.com.br\/loja\/wp-json\/wp\/v2\/comments?post=2701"}],"wp:featuredmedia":[{"embeddable":true,"href":"https:\/\/dfsinuca.com.br\/loja\/wp-json\/wp\/v2\/media\/5373"}],"wp:attachment":[{"href":"https:\/\/dfsinuca.com.br\/loja\/wp-json\/wp\/v2\/media?parent=2701"}],"curies":[{"name":"wp","href":"https:\/\/api.w.org\/{rel}","templated":true}]}}