{"id":2625,"date":"2016-03-17T08:25:49","date_gmt":"2016-03-17T11:25:49","guid":{"rendered":"https:\/\/demo2.chethemes.com\/electro\/?post_type=product&#038;p=2625"},"modified":"2024-08-13T08:20:37","modified_gmt":"2024-08-13T11:20:37","slug":"tenis-mesa-drumond","status":"publish","type":"product","link":"https:\/\/dfsinuca.com.br\/loja\/produto\/tenis-mesa-drumond\/","title":{"rendered":"T\u00eanis de Mesa Drumond"},"content":{"rendered":"","protected":false},"excerpt":{"rendered":"<div id=\"id_5\" class=\"logMsg\">\n<div class=\"msgTxt\">\n<div class=\"conversation_from\">\n<p class=\"friend\">A mesa de T\u00eanis de Mesa ideal para sua \u00e1rea de lazer.<\/p>\n<\/div>\n<\/div>\n<\/div>\n<div class=\"fileUpload\" title=\"\" data-toggle=\"tooltip\" data-original-title=\"Carregar arquivo\"><\/div>\n<div title=\"\" data-toggle=\"tooltip\" data-original-title=\"Carregar arquivo\"><span style=\"color: #ff0000;\">Devido o c\u00e1lculo do Frete ser necess\u00e1rio mediante alguns detalhes importantes, este produto s\u00f3 pode ser comprado via WhatsApp ou telefone, clique no bot\u00e3o para iniciar o or\u00e7amento.<\/span><\/div>\n","protected":false},"featured_media":5350,"comment_status":"open","ping_status":"closed","template":"","meta":[],"class_list":{"0":"post-2625","1":"product","2":"type-product","3":"status-publish","4":"has-post-thumbnail","6":"product_cat-drumond","7":"product_cat-tenis-de-mesa","9":"first","10":"instock","11":"featured","12":"shipping-taxable","13":"product-type-external"},"_links":{"self":[{"href":"https:\/\/dfsinuca.com.br\/loja\/wp-json\/wp\/v2\/product\/2625","targetHints":{"allow":["GET"]}}],"collection":[{"href":"https:\/\/dfsinuca.com.br\/loja\/wp-json\/wp\/v2\/product"}],"about":[{"href":"https:\/\/dfsinuca.com.br\/loja\/wp-json\/wp\/v2\/types\/product"}],"replies":[{"embeddable":true,"href":"https:\/\/dfsinuca.com.br\/loja\/wp-json\/wp\/v2\/comments?post=2625"}],"wp:featuredmedia":[{"embeddable":true,"href":"https:\/\/dfsinuca.com.br\/loja\/wp-json\/wp\/v2\/media\/5350"}],"wp:attachment":[{"href":"https:\/\/dfsinuca.com.br\/loja\/wp-json\/wp\/v2\/media?parent=2625"}],"curies":[{"name":"wp","href":"https:\/\/api.w.org\/{rel}","templated":true}]}}