{"id":2621,"date":"2016-03-17T08:23:20","date_gmt":"2016-03-17T11:23:20","guid":{"rendered":"https:\/\/demo2.chethemes.com\/electro\/?post_type=product&#038;p=2621"},"modified":"2026-01-30T21:30:00","modified_gmt":"2026-01-31T00:30:00","slug":"mesa-sinuca-jantar-atrativa-black","status":"publish","type":"product","link":"https:\/\/dfsinuca.com.br\/loja\/produto\/mesa-sinuca-jantar-atrativa-black\/","title":{"rendered":"Mesa de Sinuca Atrativa Black"},"content":{"rendered":"<p>Mesa de sinuca residencial modelo Atrativa Black com tampo em pedra ard\u00f3sia, pano preto, ca\u00e7apa de linho preta, com tabelas em madeira maci\u00e7a (sucupira), p\u00e9s da mesa revestidos em f\u00f3rmica preto fosco ou auto brilho e p\u00e9s niveladores.<\/p>\n<p><strong>ACESS\u00d3RIOS<\/strong>:<\/p>\n<p>06 tacos,<\/p>\n<p>01 taqueira;<\/p>\n<p>01 quadro marcador;<\/p>\n<p>01 jogo de bolas numeradas 50mm;<\/p>\n<p>01 giz azul e branco;<\/p>\n<p>01 apagador e<\/p>\n<p>01 escova.<\/p>\n<p><strong>MEDIDA EXTERNA<\/strong>: 2,25 X 1,31M<\/p>\n<p><strong>MEDIDA INTERNA:<\/strong>1,99 X 1,05 M<\/p>\n<p><strong>MAIS INFORMA\u00c7OES WHATSAPP 9 9951-4301<\/strong><\/p>\n","protected":false},"excerpt":{"rendered":"<p>Mesa de sinuca residencial modelo Atrativa Black com tampo em pedra ard\u00f3sia, tabelas em madeira maci\u00e7a (sucupira), p\u00e9s da mesa revestidos em f\u00f3rmica preto fosco ou auto brilho e p\u00e9s niveladores.<\/p>\n<p><span style=\"color: #ff0000;\">Devido o c\u00e1lculo do Frete ser necess\u00e1rio mediante alguns detalhes importantes, este produto s\u00f3 pode ser comprado via WhatsApp ou telefone, clique no bot\u00e3o para iniciar o or\u00e7amento.<\/span><\/p>\n","protected":false},"featured_media":10730,"comment_status":"open","ping_status":"closed","template":"","meta":[],"class_list":{"0":"post-2621","1":"product","2":"type-product","3":"status-publish","4":"has-post-thumbnail","6":"product_cat-linha-versatil","7":"product_cat-sinucas-venda-aluguel-para-eventos","8":"product_cat-sinucas","10":"first","11":"instock","12":"featured","13":"shipping-taxable","14":"product-type-external"},"_links":{"self":[{"href":"https:\/\/dfsinuca.com.br\/loja\/wp-json\/wp\/v2\/product\/2621","targetHints":{"allow":["GET"]}}],"collection":[{"href":"https:\/\/dfsinuca.com.br\/loja\/wp-json\/wp\/v2\/product"}],"about":[{"href":"https:\/\/dfsinuca.com.br\/loja\/wp-json\/wp\/v2\/types\/product"}],"replies":[{"embeddable":true,"href":"https:\/\/dfsinuca.com.br\/loja\/wp-json\/wp\/v2\/comments?post=2621"}],"wp:featuredmedia":[{"embeddable":true,"href":"https:\/\/dfsinuca.com.br\/loja\/wp-json\/wp\/v2\/media\/10730"}],"wp:attachment":[{"href":"https:\/\/dfsinuca.com.br\/loja\/wp-json\/wp\/v2\/media?parent=2621"}],"curies":[{"name":"wp","href":"https:\/\/api.w.org\/{rel}","templated":true}]}}