{"id":2603,"date":"2016-03-17T07:54:47","date_gmt":"2016-03-17T10:54:47","guid":{"rendered":"https:\/\/demo2.chethemes.com\/electro\/?post_type=product&#038;p=2603"},"modified":"2020-08-25T10:24:36","modified_gmt":"2020-08-25T13:24:36","slug":"aero-hockey","status":"publish","type":"product","link":"https:\/\/dfsinuca.com.br\/loja\/produto\/aero-hockey\/","title":{"rendered":"Aero Hockey"},"content":{"rendered":"<p>Mesa de Aero Hockey estrutura em MDF revestida de f\u00f3rmica imperme\u00e1vel de alta resist\u00eancia na cor preto auto brilho, campo de f\u00f3rmica branca, batente do gol em madeira sucupira. Sistema de ventila\u00e7\u00e3o com 02 Moto ventiladores que proporcionam perfeita flutua\u00e7\u00e3o do disco. Voltagem: 220v.<\/p>\n<p><strong>ACOMPANHA<\/strong>:<\/p>\n<p>02 batedores;<\/p>\n<p>02 discos;<\/p>\n<p>&nbsp;<\/p>\n<p><span style=\"color: #ff0000;\">Devido o c\u00e1lculo do Frete ser necess\u00e1rio mediante alguns detalhes importantes, este produto s\u00f3 pode ser comprado via WhatsApp ou telefone, clique no bot\u00e3o para iniciar o or\u00e7amento.<\/span><\/p>\n","protected":false},"excerpt":{"rendered":"<p>Mesa de Aero Hockey estrutura em MDF revestida de f\u00f3rmica imperme\u00e1vel de alta resist\u00eancia na cor preto auto brilho<\/p>\n<p><span style=\"color: #ff0000;\">Devido o c\u00e1lculo do Frete ser necess\u00e1rio mediante alguns detalhes importantes, este produto s\u00f3 pode ser comprado via WhatsApp ou telefone, clique no bot\u00e3o para iniciar o or\u00e7amento.<\/span><\/p>\n","protected":false},"featured_media":5338,"comment_status":"open","ping_status":"closed","template":"","meta":[],"class_list":{"0":"post-2603","1":"product","2":"type-product","3":"status-publish","4":"has-post-thumbnail","6":"product_cat-aero-hockey","8":"first","9":"instock","10":"shipping-taxable","11":"product-type-external"},"_links":{"self":[{"href":"https:\/\/dfsinuca.com.br\/loja\/wp-json\/wp\/v2\/product\/2603","targetHints":{"allow":["GET"]}}],"collection":[{"href":"https:\/\/dfsinuca.com.br\/loja\/wp-json\/wp\/v2\/product"}],"about":[{"href":"https:\/\/dfsinuca.com.br\/loja\/wp-json\/wp\/v2\/types\/product"}],"replies":[{"embeddable":true,"href":"https:\/\/dfsinuca.com.br\/loja\/wp-json\/wp\/v2\/comments?post=2603"}],"wp:featuredmedia":[{"embeddable":true,"href":"https:\/\/dfsinuca.com.br\/loja\/wp-json\/wp\/v2\/media\/5338"}],"wp:attachment":[{"href":"https:\/\/dfsinuca.com.br\/loja\/wp-json\/wp\/v2\/media?parent=2603"}],"curies":[{"name":"wp","href":"https:\/\/api.w.org\/{rel}","templated":true}]}}