{"id":10766,"date":"2026-02-06T12:50:07","date_gmt":"2026-02-06T15:50:07","guid":{"rendered":"https:\/\/dfsinuca.com.br\/loja\/?post_type=product&#038;p=10766"},"modified":"2026-02-06T13:03:30","modified_gmt":"2026-02-06T16:03:30","slug":"maleta-de-poker-200-fichas","status":"publish","type":"product","link":"https:\/\/dfsinuca.com.br\/loja\/produto\/maleta-de-poker-200-fichas\/","title":{"rendered":"MALETA DE POKER 200 FICHAS"},"content":{"rendered":"","protected":false},"excerpt":{"rendered":"<h3 data-start=\"155\" data-end=\"195\">\u2660\ufe0f MALETA DE POKER APEX \u2013 200 FICHAS<\/h3>\n<p data-start=\"197\" data-end=\"444\">A <strong data-start=\"199\" data-end=\"236\">Maleta de Poker Apex \u2013 200 Fichas<\/strong> \u00e9 ideal para quem busca um kit completo e organizado para partidas de p\u00f4quer e jogos de cartas. Pr\u00e1tica e resistente, \u00e9 perfeita para momentos de lazer entre amigos, reuni\u00f5es familiares ou jogos recreativos.<\/p>\n<p data-start=\"446\" data-end=\"614\">O conjunto acompanha <strong data-start=\"467\" data-end=\"490\">200 fichas de poker<\/strong>, <strong data-start=\"492\" data-end=\"506\">2 baralhos<\/strong>, <strong data-start=\"508\" data-end=\"519\">5 dados<\/strong> e <strong data-start=\"522\" data-end=\"548\">chaves para fechamento<\/strong>, garantindo seguran\u00e7a no transporte e no armazenamento dos itens.<\/p>\n<hr data-start=\"616\" data-end=\"619\" \/>\n<h3 data-start=\"621\" data-end=\"646\">\ud83d\udccc CONTE\u00daDO DA MALETA<\/h3>\n<ul data-start=\"647\" data-end=\"763\">\n<li data-start=\"647\" data-end=\"670\">\n<p data-start=\"649\" data-end=\"670\">200 fichas de poker<\/p>\n<\/li>\n<li data-start=\"671\" data-end=\"685\">\n<p data-start=\"673\" data-end=\"685\">2 baralhos<\/p>\n<\/li>\n<li data-start=\"686\" data-end=\"697\">\n<p data-start=\"688\" data-end=\"697\">5 dados<\/p>\n<\/li>\n<li data-start=\"698\" data-end=\"735\">\n<p data-start=\"700\" data-end=\"735\">1 maleta com fechamento por chave<\/p>\n<\/li>\n<li data-start=\"736\" data-end=\"763\">\n<p data-start=\"738\" data-end=\"763\">2 chaves para seguran\u00e7a<\/p>\n<\/li>\n<\/ul>\n<hr data-start=\"765\" data-end=\"768\" \/>\n<h3 data-start=\"770\" data-end=\"791\">\ud83d\udccc ESPECIFICA\u00c7\u00d5ES<\/h3>\n<ul data-start=\"792\" data-end=\"1004\">\n<li data-start=\"792\" data-end=\"809\">\n<p data-start=\"794\" data-end=\"809\">Marca: <strong data-start=\"801\" data-end=\"809\">Apex<\/strong><\/p>\n<\/li>\n<li data-start=\"810\" data-end=\"839\">\n<p data-start=\"812\" data-end=\"839\">Modelo: <strong data-start=\"820\" data-end=\"839\">Maleta de Poker<\/strong><\/p>\n<\/li>\n<li data-start=\"840\" data-end=\"868\">\n<p data-start=\"842\" data-end=\"868\">Capacidade: <strong data-start=\"854\" data-end=\"868\">200 fichas<\/strong><\/p>\n<\/li>\n<li data-start=\"869\" data-end=\"937\">\n<p data-start=\"871\" data-end=\"937\">Material da maleta: <strong data-start=\"891\" data-end=\"937\">Estrutura r\u00edgida com acabamento resistente<\/strong><\/p>\n<\/li>\n<li data-start=\"938\" data-end=\"972\">\n<p data-start=\"940\" data-end=\"972\">Fechamento: <strong data-start=\"952\" data-end=\"972\">Travas com chave<\/strong><\/p>\n<\/li>\n<li data-start=\"973\" data-end=\"1004\">\n<p data-start=\"975\" data-end=\"1004\">Indica\u00e7\u00e3o: <strong data-start=\"986\" data-end=\"1004\">Uso recreativo<\/strong><\/p>\n<\/li>\n<\/ul>\n<hr data-start=\"1006\" data-end=\"1009\" \/>\n<h3 data-start=\"1011\" data-end=\"1033\">\u2705 INDICA\u00c7\u00c3O DE USO<\/h3>\n<ul data-start=\"1034\" data-end=\"1146\">\n<li data-start=\"1034\" data-end=\"1070\">\n<p data-start=\"1036\" data-end=\"1070\">Jogos de poker e cartas em geral<\/p>\n<\/li>\n<li data-start=\"1071\" data-end=\"1103\">\n<p data-start=\"1073\" data-end=\"1103\">Lazer entre amigos e fam\u00edlia<\/p>\n<\/li>\n<li data-start=\"1104\" data-end=\"1146\">\n<p data-start=\"1106\" data-end=\"1146\">Presente para amantes de jogos de mesa<\/p>\n<\/li>\n<\/ul>\n<p data-start=\"1148\" data-end=\"1192\">Produto completo, pr\u00e1tico e pronto para uso.<\/p>\n","protected":false},"featured_media":10767,"comment_status":"open","ping_status":"closed","template":"","meta":[],"class_list":{"0":"post-10766","1":"product","2":"type-product","3":"status-publish","4":"has-post-thumbnail","6":"product_cat-maleta-de-poker","8":"first","9":"instock","10":"shipping-taxable","11":"purchasable","12":"product-type-simple"},"_links":{"self":[{"href":"https:\/\/dfsinuca.com.br\/loja\/wp-json\/wp\/v2\/product\/10766","targetHints":{"allow":["GET"]}}],"collection":[{"href":"https:\/\/dfsinuca.com.br\/loja\/wp-json\/wp\/v2\/product"}],"about":[{"href":"https:\/\/dfsinuca.com.br\/loja\/wp-json\/wp\/v2\/types\/product"}],"replies":[{"embeddable":true,"href":"https:\/\/dfsinuca.com.br\/loja\/wp-json\/wp\/v2\/comments?post=10766"}],"wp:featuredmedia":[{"embeddable":true,"href":"https:\/\/dfsinuca.com.br\/loja\/wp-json\/wp\/v2\/media\/10767"}],"wp:attachment":[{"href":"https:\/\/dfsinuca.com.br\/loja\/wp-json\/wp\/v2\/media?parent=10766"}],"curies":[{"name":"wp","href":"https:\/\/api.w.org\/{rel}","templated":true}]}}